{"id":4914,"date":"2023-08-28T08:59:18","date_gmt":"2023-08-28T06:59:18","guid":{"rendered":"https:\/\/www.mypassvenezia.it\/instructions-stationnement-piazzale-roma\/"},"modified":"2023-08-29T13:04:24","modified_gmt":"2023-08-29T11:04:24","slug":"instructions-stationnement-piazzale-roma","status":"publish","type":"page","link":"https:\/\/www.mypassvenezia.it\/fr\/instructions-stationnement-piazzale-roma\/","title":{"rendered":"Instructions de stationnement Piazzale Roma"},"content":{"rendered":"<div class=\"wpb-content-wrapper\">[vc_row el_id=\u00a0\u00bbWEB &#8211; Come funziona\u00a0\u00bb][vc_column]\t<style>.vcex_69fa02e298c86{height:40px;}@media (max-width:767px){.vcex_69fa02e298c86{height:30px;}}@media (max-width:479px){.vcex_69fa02e298c86{height:30px;}}<\/style>\n<div class=\"vcex-spacing wpex-w-100 wpex-clear vcex_69fa02e298c86\"><\/div><style>.vcex-heading.vcex_69fa02e299039{font-size:40px;}@media (max-width:1024px){.vcex-heading.vcex_69fa02e299039{font-size:32px;}}@media (max-width:959px){.vcex-heading.vcex_69fa02e299039{font-size:32px;}}@media (max-width:767px){.vcex-heading.vcex_69fa02e299039{font-size:28px;}}@media (max-width:479px){.vcex-heading.vcex_69fa02e299039{font-size:28px;}}<\/style><h2 class=\"vcex-heading vcex-heading-plain vcex-module wpex-heading wpex-text-2xl wpex-h2 vcex_69fa02e299039\"><span class=\"vcex-heading-inner wpex-inline-block\">Comment fonctionne le parking de Piazzale Roma<\/span><\/h2>[\/vc_column][vc_column width=\u00a0\u00bb1\/2&Prime;][vc_row_inner][vc_column_inner width=\u00a0\u00bb1\/2&Prime;][vc_single_image image=\u00a0\u00bb4894&Prime; visibility=\u00a0\u00bbhidden-phone\u00a0\u00bb][vc_single_image image=\u00a0\u00bb4894&Prime; visibility=\u00a0\u00bbvisible-phone\u00a0\u00bb css=\u00a0\u00bb.vc_custom_1692862978573{margin-bottom: -40px !important;padding-right: 60px !important;}\u00a0\u00bb][\/vc_column_inner][vc_column_inner width=\u00a0\u00bb1\/2&Prime;]\t<style>.vcex_69fa02e299299{height:40px;}@media (max-width:1024px){.vcex_69fa02e299299{height:20px;}}@media (max-width:959px){.vcex_69fa02e299299{height:20px;}}@media (max-width:767px){.vcex_69fa02e299299{height:20px;}}@media (max-width:479px){.vcex_69fa02e299299{height:20px;}}<\/style>\n<div class=\"vcex-spacing wpex-w-100 wpex-clear vcex_69fa02e299299\"><\/div>[vc_column_text font_size=\u00a0\u00bbd:20|tl:16|tp:16|pl:16|pp:16&Prime; visibility=\u00a0\u00bbhidden-phone\u00a0\u00bb]<strong>T\u00e9l\u00e9chargez l&rsquo;application<\/strong> MyPass Venezia et acc\u00e9dez \u00e0 la rubrique \u00ab<strong>parking<\/strong>\u00bb.[\/vc_column_text][vc_column_text font_size=\u00a0\u00bb20&Prime; visibility=\u00a0\u00bbvisible-phone\u00a0\u00bb css=\u00a0\u00bb.vc_custom_1692863710558{padding-right: 10px !important;padding-left: 10px !important;}\u00a0\u00bb]\n<p style=\"text-align: center;\"><a href=\"https:\/\/urlgeni.us\/mypassveneziaa\"><strong><span style=\"text-decoration: underline;\">T\u00e9l\u00e9chargez<\/span><\/strong><\/a> l&rsquo;application<br \/>\n<em>MyPass Venezia<\/em> et acc\u00e9dez<br \/>\n\u00e0 la section \u00ab<strong>parking<\/strong>\u00bb.<\/p>\n[\/vc_column_text]<div class=\"vcex-module vcex-divider vcex-divider-solid vcex-divider-center wpex-mx-auto visible-phone wpex-block wpex-h-0 wpex-border-b wpex-border-solid wpex-border-main\" style=\"margin-top:20px;\"><\/div>[\/vc_column_inner][\/vc_row_inner][\/vc_column][vc_column width=\u00a0\u00bb1\/2&Prime;][vc_row_inner][vc_column_inner width=\u00a0\u00bb1\/2&Prime;][vc_single_image image=\u00a0\u00bb4899&Prime; visibility=\u00a0\u00bbhidden-phone\u00a0\u00bb][vc_single_image image=\u00a0\u00bb4899&Prime; visibility=\u00a0\u00bbvisible-phone\u00a0\u00bb css=\u00a0\u00bb.vc_custom_1692863089791{margin-bottom: -40px !important;padding-right: 60px !important;}\u00a0\u00bb][\/vc_column_inner][vc_column_inner width=\u00a0\u00bb1\/2&Prime;]\t<style>.vcex_69fa02e2995d4{height:40px;}@media (max-width:1024px){.vcex_69fa02e2995d4{height:20px;}}@media (max-width:959px){.vcex_69fa02e2995d4{height:20px;}}@media (max-width:767px){.vcex_69fa02e2995d4{height:20px;}}@media (max-width:479px){.vcex_69fa02e2995d4{height:20px;}}<\/style>\n<div class=\"vcex-spacing wpex-w-100 wpex-clear vcex_69fa02e2995d4\"><\/div>[vc_column_text font_size=\u00a0\u00bbd:20|tl:16|tp:16&Prime; visibility=\u00a0\u00bbhidden-phone\u00a0\u00bb]\n<span class=\"jCAhz ChMk0b\"><span class=\"ryNqvb\"><strong>S\u00e9lectionnez les dates auxquelles vous souhaitez garer votre voiture<\/strong>.<\/span><\/span><\/p>\n<p><span class=\"jCAhz ChMk0b\"><span class=\"ryNqvb\">Vous devez r\u00e9server au moins 1 jour avant votre arriv\u00e9e.<\/span><\/span><\/p>\n<p><span class=\"jCAhz ChMk0b\"><span class=\"ryNqvb\">Le d\u00e9lai minimum de paiement est de 24 heures.<\/span><\/span><br \/>\n[\/vc_column_text][vc_column_text font_size=\u00a0\u00bb20&Prime; visibility=\u00a0\u00bbvisible-phone\u00a0\u00bb css=\u00a0\u00bb.vc_custom_1693304516778{padding-right: 10px !important;padding-left: 10px !important;}\u00a0\u00bb]\n<p style=\"text-align: center;\"><span class=\"jCAhz ChMk0b\"><span class=\"ryNqvb\"><strong>S\u00e9lectionnez les dates auxquelles<br \/>\nvous souhaitez garer votre voiture<\/strong>.<\/span><\/span><\/p>\n<p style=\"text-align: center;\"><span class=\"jCAhz ChMk0b\"><span class=\"ryNqvb\">Vous devez r\u00e9server au moins<br \/>\n1 jour avant votre arriv\u00e9e.<\/span><\/span><\/p>\n<p style=\"text-align: center;\"><span class=\"jCAhz ChMk0b\"><span class=\"ryNqvb\">Le d\u00e9lai minimum<br \/>\nde paiement est de 24 heures.<\/span><\/span><\/p>\n[\/vc_column_text]<div class=\"vcex-module vcex-divider vcex-divider-solid vcex-divider-center wpex-mx-auto visible-phone wpex-block wpex-h-0 wpex-border-b wpex-border-solid wpex-border-main\" style=\"margin-top:20px;\"><\/div>[\/vc_column_inner][\/vc_row_inner][\/vc_column][vc_column width=\u00a0\u00bb1\/2&Prime;][vc_row_inner][vc_column_inner][vc_single_image image=\u00a0\u00bb4904&Prime; visibility=\u00a0\u00bbhidden-phone\u00a0\u00bb][vc_single_image image=\u00a0\u00bb4904&Prime; visibility=\u00a0\u00bbvisible-phone\u00a0\u00bb css=\u00a0\u00bb.vc_custom_1692863784680{margin-bottom: -40px !important;padding-right: 60px !important;}\u00a0\u00bb]\t<style>.vcex_69fa02e2997b9{height:40px;}@media (max-width:1024px){.vcex_69fa02e2997b9{height:20px;}}@media (max-width:959px){.vcex_69fa02e2997b9{height:20px;}}@media (max-width:767px){.vcex_69fa02e2997b9{height:20px;}}@media (max-width:479px){.vcex_69fa02e2997b9{height:20px;}}<\/style>\n<div class=\"vcex-spacing wpex-w-100 wpex-clear vcex_69fa02e2997b9\"><\/div>[vc_column_text font_size=\u00a0\u00bbd:20|tl:16|tp:16&Prime; visibility=\u00a0\u00bbhidden-phone\u00a0\u00bb css=\u00a0\u00bb.vc_custom_1693304383852{padding-left: 100px !important;}\u00a0\u00bb]<span style=\"color: #ffc600;\"><strong>Check-in<\/strong><\/span><\/p>\n<div class=\"page\" title=\"Page 1\">\n<div class=\"layoutArea\">\n<div class=\"column\">\n<p style=\"text-align: justify;\"><span class=\"jCAhz ChMk0b\"><span class=\"ryNqvb\">Acc\u00e9dez au garage municipal de Piazzale Roma en empruntant la voie pr\u00e9f\u00e9rentielle (vous trouverez sur la gauche l&rsquo;indication \u00ab\u00a0Riservato Abbonati\u00a0\u00bb, R\u00e9serv\u00e9 aux abonn\u00e9s).<\/span><\/span><\/p>\n<p style=\"text-align: justify;\"><span class=\"jCAhz ChMk0b\"><span class=\"ryNqvb\">Pr\u00e9sentez votre bon avec votre <strong>code PNR personnel<\/strong> au personnel \u00e0 l&rsquo;entr\u00e9e.<\/span><\/span> <span class=\"jCAhz ChMk0b\"><span class=\"ryNqvb\">Gr\u00e2ce \u00e0 un interphone, le pr\u00e9pos\u00e9 vous indiquera o\u00f9 vous garer.<\/span><\/span><\/p>\n<\/div>\n<\/div>\n<\/div>\n[\/vc_column_text][vc_column_text font_size=\u00a0\u00bb20&Prime; visibility=\u00a0\u00bbvisible-phone\u00a0\u00bb css=\u00a0\u00bb.vc_custom_1693304389519{margin-top: 40px !important;padding-right: 10px !important;padding-left: 10px !important;}\u00a0\u00bb]\n<p style=\"text-align: center;\"><span style=\"color: #ffc600;\"><strong>Check-in<\/strong><\/span><\/p>\n<div class=\"page\" title=\"Page 1\">\n<div class=\"layoutArea\">\n<div class=\"column\">\n<p style=\"text-align: center;\"><span class=\"jCAhz ChMk0b\"><span class=\"ryNqvb\">Acc\u00e9dez au garage municipal de Piazzale Roma en empruntant la voie pr\u00e9f\u00e9rentielle (vous trouverez sur la gauche l&rsquo;indication \u00ab\u00a0Riservato Abbonati\u00a0\u00bb, R\u00e9serv\u00e9 aux abonn\u00e9s).<\/span><\/span><\/p>\n<p style=\"text-align: center;\"><span class=\"jCAhz ChMk0b\"><span class=\"ryNqvb\">Pr\u00e9sentez votre bon avec votre <strong>code PNR personnel<\/strong> au personnel \u00e0 l&rsquo;entr\u00e9e.<\/span><\/span> <span class=\"jCAhz ChMk0b\"><span class=\"ryNqvb\">Gr\u00e2ce \u00e0 un interphone, le pr\u00e9pos\u00e9 vous indiquera o\u00f9 vous garer.<\/span><\/span><\/p>\n<\/div>\n<\/div>\n<\/div>\n[\/vc_column_text]<div class=\"vcex-module vcex-divider vcex-divider-solid vcex-divider-center wpex-mx-auto visible-phone wpex-block wpex-h-0 wpex-border-b wpex-border-solid wpex-border-main\" style=\"margin-top:20px;\"><\/div>[\/vc_column_inner][\/vc_row_inner][\/vc_column][vc_column width=\u00a0\u00bb1\/2&Prime;][vc_row_inner][vc_column_inner][vc_single_image image=\u00a0\u00bb4909&Prime; visibility=\u00a0\u00bbhidden-phone\u00a0\u00bb][vc_single_image image=\u00a0\u00bb4909&Prime; visibility=\u00a0\u00bbvisible-phone\u00a0\u00bb css=\u00a0\u00bb.vc_custom_1692866824801{margin-bottom: -40px !important;padding-right: 60px !important;}\u00a0\u00bb]\t<style>.vcex_69fa02e2999a7{height:40px;}@media (max-width:1024px){.vcex_69fa02e2999a7{height:20px;}}@media (max-width:959px){.vcex_69fa02e2999a7{height:20px;}}@media (max-width:767px){.vcex_69fa02e2999a7{height:20px;}}@media (max-width:479px){.vcex_69fa02e2999a7{height:20px;}}<\/style>\n<div class=\"vcex-spacing wpex-w-100 wpex-clear vcex_69fa02e2999a7\"><\/div>[vc_column_text font_size=\u00a0\u00bbd:20|tl:16|tp:16&Prime; visibility=\u00a0\u00bbhidden-phone\u00a0\u00bb css=\u00a0\u00bb.vc_custom_1693304428371{padding-left: 100px !important;}\u00a0\u00bb]<span style=\"color: #ffc600;\"><strong>Check-out<\/strong><\/span><\/p>\n<div class=\"page\" title=\"Page 1\">\n<div class=\"layoutArea\">\n<div class=\"column\">\n<p style=\"text-align: justify;\">Avant de reprendre votre voiture, pr\u00e9sentez-vous \u00e0 la caisse du garage muni de votre bon (code PNR) et du ticket qui vous a \u00e9t\u00e9 remis \u00e0 l&rsquo;entr\u00e9e.<\/p>\n<p><span style=\"color: #ffc600;\"><strong>N.B.<\/strong><\/span><\/p>\n<div class=\"page\" title=\"Page 1\">\n<div class=\"layoutArea\">\n<div class=\"column\">\n<p style=\"text-align: justify;\">Une fois le ou les jours r\u00e9serv\u00e9s d\u00e9pass\u00e9s, les 24 heures de stationnement suivantes seront d\u00e9compt\u00e9es en totalit\u00e9.<\/p>\n<\/div>\n<\/div>\n<\/div>\n<\/div>\n<\/div>\n<\/div>\n[\/vc_column_text][vc_column_text font_size=\u00a0\u00bb20&Prime; visibility=\u00a0\u00bbvisible-phone\u00a0\u00bb css=\u00a0\u00bb.vc_custom_1693304443940{margin-top: 40px !important;padding-right: 10px !important;padding-left: 10px !important;}\u00a0\u00bb]\n<p style=\"text-align: center;\"><span style=\"color: #ffc600;\"><strong>Check-out<\/strong><\/span><\/p>\n<div class=\"page\" title=\"Page 1\">\n<div class=\"layoutArea\">\n<div class=\"column\">\n<p style=\"text-align: center;\">Avant de reprendre votre voiture, pr\u00e9sentez-vous \u00e0 la caisse du garage muni de votre bon (code PNR) et du ticket qui vous a \u00e9t\u00e9 remis \u00e0 l&rsquo;entr\u00e9e.<\/p>\n<p style=\"text-align: center;\"><span style=\"color: #ffc600;\"><strong>N.B.<\/strong><\/span><\/p>\n<div class=\"page\" title=\"Page 1\">\n<div class=\"layoutArea\">\n<div class=\"column\">\n<p style=\"text-align: center;\">Une fois le ou les jours r\u00e9serv\u00e9s d\u00e9pass\u00e9s, les 24 heures de stationnement suivantes seront d\u00e9compt\u00e9es en totalit\u00e9.<\/p>\n<\/div>\n<\/div>\n<\/div>\n<\/div>\n<\/div>\n<\/div>\n[\/vc_column_text]<div class=\"vcex-module vcex-divider vcex-divider-solid vcex-divider-center wpex-mx-auto visible-phone wpex-block wpex-h-0 wpex-border-b wpex-border-solid wpex-border-main\" style=\"margin-top:20px;\"><\/div>[\/vc_column_inner][\/vc_row_inner][\/vc_column][\/vc_row][vc_row][vc_column][vc_tta_accordion][vc_tta_section title=\u00a0\u00bbQuelle est la diff\u00e9rence entre le billet Parking 24h en ligne et le billet Parking 24h en ligne \u00e0 tarif r\u00e9duit ?\u00a0\u00bb tab_id=\u00a0\u00bb1692867441593-78e9a377-41d7&Prime;][vc_column_text]\nLe premier permet la modification de la date d&rsquo;entr\u00e9e <strong>jusqu&rsquo;\u00e0 trois mois suivants<\/strong>.<\/p>\n<p>Le second a un prix journalier r\u00e9duit, mais il ne peut \u00eatre <strong>modifi\u00e9 que pour les 24 heures suivantes<\/strong>.<br \/>\n[\/vc_column_text][\/vc_tta_section][vc_tta_section title=\u00a0\u00bbEst-il possible de modifier la date de stationnement ?\u00a0\u00bb tab_id=\u00a0\u00bb1692867441609-60f7d3e6-928c\u00a0\u00bb][vc_column_text]En envoyant un e-mail \u00e0 <a href=\"mailto:info@veneziaunica.it\" target=\"_new\" rel=\"noopener\">info@veneziaunica.it<\/a> et en sp\u00e9cifiant le code PNR de la r\u00e9servation d\u00e9j\u00e0 effectu\u00e9e, il est possible de reporter la date d&rsquo;arriv\u00e9e dans les trois mois suivant la date pr\u00e9vue, uniquement si vous avez achet\u00e9 le billet Parking 24h EN LIGNE.<\/p>\n<p>En revanche, pour le billet Parking 24h EN LIGNE \u00e0 tarif r\u00e9duit, vous pourrez demander le report de la r\u00e9servation uniquement pour le jour suivant, en envoyant toujours un e-mail \u00e0 l&rsquo;adresse ci-dessus.[\/vc_column_text][\/vc_tta_section][vc_tta_section title=\u00a0\u00bbLa r\u00e9servation peut-elle \u00eatre annul\u00e9e ?\u00a0\u00bb tab_id=\u00a0\u00bb1692867677785-148be77d-4673&Prime;][vc_column_text]Le stationnement est pay\u00e9 imm\u00e9diatement lors de la r\u00e9servation et <strong>ne peut \u00eatre ni annul\u00e9 ni rembours\u00e9<\/strong>.[\/vc_column_text][\/vc_tta_section][vc_tta_section title=\u00a0\u00bbQue se passe-t-il si je reste plus longtemps que le jour de la r\u00e9servation ?\u00a0\u00bb tab_id=\u00a0\u00bb1692867708807-64009cf1-9a4c\u00a0\u00bb][vc_column_text]En cas de d\u00e9passement du ou des jours r\u00e9serv\u00e9s (par exemple si vous arrivez \u00e0 17h00 le jour r\u00e9serv\u00e9, si vous arrivez apr\u00e8s 17h00 le lendemain), <strong>les 24 heures de stationnement suivantes seront factur\u00e9es en totalit\u00e9 et devront \u00eatre pay\u00e9es<\/strong>. \u00e0 la caisse sur place.[\/vc_column_text][\/vc_tta_section][\/vc_tta_accordion][\/vc_column][\/vc_row]\n<\/div>","protected":false},"excerpt":{"rendered":"<p>[vc_row el_id=\u00a0\u00bbWEB &#8211; Come funziona\u00a0\u00bb][vc_column][\/vc_column][vc_column width=\u00a0\u00bb1\/2&Prime;][vc_row_inner][vc_column_inner width=\u00a0\u00bb1\/2&Prime;][vc_single_image image=\u00a0\u00bb4894&Prime; visibility=\u00a0\u00bbhidden-phone\u00a0\u00bb][vc_single_image image=\u00a0\u00bb4894&Prime; visibility=\u00a0\u00bbvisible-phone\u00a0\u00bb css=\u00a0\u00bb.vc_custom_1692862978573{margin-bottom: -40px !important;padding-right: 60px !important;}\u00a0\u00bb][\/vc_column_inner][vc_column_inner width=\u00a0\u00bb1\/2&Prime;][vc_column_text font_size=\u00a0\u00bbd:20|tl:16|tp:16|pl:16|pp:16&Prime; visibility=\u00a0\u00bbhidden-phone\u00a0\u00bb]T\u00e9l\u00e9chargez l&rsquo;application MyPass Venezia et acc\u00e9dez \u00e0 la rubrique \u00abparking\u00bb.[\/vc_column_text][vc_column_text font_size=\u00a0\u00bb20&Prime; visibility=\u00a0\u00bbvisible-phone\u00a0\u00bb css=\u00a0\u00bb.vc_custom_1692863710558{padding-right: 10px !important;padding-left: 10px !important;}\u00a0\u00bb] T\u00e9l\u00e9chargez l&rsquo;application MyPass Venezia et acc\u00e9dez \u00e0 la section \u00abparking\u00bb. [\/vc_column_text][\/vc_column_inner][\/vc_row_inner][\/vc_column][vc_column width=\u00a0\u00bb1\/2&Prime;][vc_row_inner][vc_column_inner width=\u00a0\u00bb1\/2&Prime;][vc_single_image image=\u00a0\u00bb4899&Prime; visibility=\u00a0\u00bbhidden-phone\u00a0\u00bb][vc_single_image image=\u00a0\u00bb4899&Prime; visibility=\u00a0\u00bbvisible-phone\u00a0\u00bb css=\u00a0\u00bb.vc_custom_1692863089791{margin-bottom: -40px !important;padding-right:&hellip;<\/p>\n","protected":false},"author":9,"featured_media":4915,"parent":0,"menu_order":0,"comment_status":"closed","ping_status":"closed","template":"","meta":{"footnotes":""},"yst_prominent_words":[],"_links":{"self":[{"href":"https:\/\/www.mypassvenezia.it\/fr\/wp-json\/wp\/v2\/pages\/4914"}],"collection":[{"href":"https:\/\/www.mypassvenezia.it\/fr\/wp-json\/wp\/v2\/pages"}],"about":[{"href":"https:\/\/www.mypassvenezia.it\/fr\/wp-json\/wp\/v2\/types\/page"}],"author":[{"embeddable":true,"href":"https:\/\/www.mypassvenezia.it\/fr\/wp-json\/wp\/v2\/users\/9"}],"replies":[{"embeddable":true,"href":"https:\/\/www.mypassvenezia.it\/fr\/wp-json\/wp\/v2\/comments?post=4914"}],"version-history":[{"count":0,"href":"https:\/\/www.mypassvenezia.it\/fr\/wp-json\/wp\/v2\/pages\/4914\/revisions"}],"wp:featuredmedia":[{"embeddable":true,"href":"https:\/\/www.mypassvenezia.it\/fr\/wp-json\/wp\/v2\/media\/4915"}],"wp:attachment":[{"href":"https:\/\/www.mypassvenezia.it\/fr\/wp-json\/wp\/v2\/media?parent=4914"}],"wp:term":[{"taxonomy":"yst_prominent_words","embeddable":true,"href":"https:\/\/www.mypassvenezia.it\/fr\/wp-json\/wp\/v2\/yst_prominent_words?post=4914"}],"curies":[{"name":"wp","href":"https:\/\/api.w.org\/{rel}","templated":true}]}}