{"id":4748,"date":"2023-06-15T16:33:36","date_gmt":"2023-06-15T14:33:36","guid":{"rendered":"https:\/\/www.mypassvenezia.it\/instructions-bateau-bus-actv-dyn\/"},"modified":"2023-08-24T09:37:51","modified_gmt":"2023-08-24T07:37:51","slug":"instructions-bateau-bus-actv-dyn","status":"publish","type":"page","link":"https:\/\/www.mypassvenezia.it\/fr\/instructions-bateau-bus-actv-dyn\/","title":{"rendered":"Instructions Bateau Bus ACTV"},"content":{"rendered":"<div class=\"wpb-content-wrapper\">[vc_row el_id=\u00a0\u00bbWEB &#8211; Come funziona\u00a0\u00bb][vc_column]\t<style>.vcex_69dff73b3db18{height:40px;}@media (max-width:767px){.vcex_69dff73b3db18{height:30px;}}@media (max-width:479px){.vcex_69dff73b3db18{height:30px;}}<\/style>\n<div class=\"vcex-spacing wpex-w-100 wpex-clear vcex_69dff73b3db18\"><\/div><style>.vcex-heading.vcex_69dff73b3deac{font-size:40px;}@media (max-width:1024px){.vcex-heading.vcex_69dff73b3deac{font-size:32px;}}@media (max-width:959px){.vcex-heading.vcex_69dff73b3deac{font-size:32px;}}@media (max-width:767px){.vcex-heading.vcex_69dff73b3deac{font-size:28px;}}@media (max-width:479px){.vcex-heading.vcex_69dff73b3deac{font-size:28px;}}<\/style><h2 class=\"vcex-heading vcex-heading-plain vcex-module wpex-heading wpex-text-2xl wpex-h2 vcex_69dff73b3deac\"><span class=\"vcex-heading-inner wpex-inline-block\">Comment fonctionne le ticket ACTV avec QR code dynamique<\/span><\/h2>[\/vc_column][vc_column width=\u00a0\u00bb1\/2&Prime;][vc_row_inner][vc_column_inner width=\u00a0\u00bb1\/2&Prime;][vc_single_image image=\u00a0\u00bb4752&Prime; visibility=\u00a0\u00bbhidden-phone\u00a0\u00bb][vc_single_image image=\u00a0\u00bb4752&Prime; visibility=\u00a0\u00bbvisible-phone\u00a0\u00bb css=\u00a0\u00bb.vc_custom_1686825620834{margin-bottom: -40px !important;padding-right: 60px !important;}\u00a0\u00bb][\/vc_column_inner][vc_column_inner width=\u00a0\u00bb1\/2&Prime;]\t<style>.vcex_69dff73b3e0fe{height:40px;}@media (max-width:1024px){.vcex_69dff73b3e0fe{height:20px;}}@media (max-width:959px){.vcex_69dff73b3e0fe{height:20px;}}@media (max-width:767px){.vcex_69dff73b3e0fe{height:20px;}}@media (max-width:479px){.vcex_69dff73b3e0fe{height:20px;}}<\/style>\n<div class=\"vcex-spacing wpex-w-100 wpex-clear vcex_69dff73b3e0fe\"><\/div>[vc_column_text font_size=\u00a0\u00bbd:20|tl:16|tp:16|pl:16|pp:16&Prime; visibility=\u00a0\u00bbhidden-phone\u00a0\u00bb]<strong>T\u00e9l\u00e9chargez l&rsquo;application<\/strong> MyPass Venise.<\/p>\n<p>Ins\u00e9rez <strong>vos donn\u00e9es<\/strong>.<\/p>\n<p>Associez un moyen de <strong>paiement<\/strong>.[\/vc_column_text][vc_column_text font_size=\u00a0\u00bb20&Prime; visibility=\u00a0\u00bbvisible-phone\u00a0\u00bb css=\u00a0\u00bb.vc_custom_1683801361628{padding-right: 10px !important;padding-left: 10px !important;}\u00a0\u00bb]\n<p style=\"text-align: center;\"><a href=\"https:\/\/urlgeni.us\/mypassveneziaa\"><strong><span style=\"text-decoration: underline;\">T\u00e9l\u00e9chargez<\/span><\/strong><\/a> MT\u00e9l\u00e9chargez l&rsquo;application MyPass Venise.<\/p>\n<p style=\"text-align: center;\">Ins\u00e9rez <strong>vos donn\u00e9es<\/strong>.<\/p>\n<p style=\"text-align: center;\">Associez un moyen de <strong>paiement<\/strong>.<\/p>\n[\/vc_column_text]<div class=\"vcex-module vcex-divider vcex-divider-solid vcex-divider-center wpex-mx-auto visible-phone wpex-block wpex-h-0 wpex-border-b wpex-border-solid wpex-border-main\" style=\"margin-top:20px;\"><\/div>[\/vc_column_inner][\/vc_row_inner][\/vc_column][vc_column width=\u00a0\u00bb1\/2&Prime;][vc_row_inner][vc_column_inner width=\u00a0\u00bb1\/2&Prime;][vc_single_image image=\u00a0\u00bb4758&Prime; visibility=\u00a0\u00bbhidden-phone\u00a0\u00bb][vc_single_image image=\u00a0\u00bb4758&Prime; visibility=\u00a0\u00bbvisible-phone\u00a0\u00bb css=\u00a0\u00bb.vc_custom_1686825654650{margin-bottom: -40px !important;padding-right: 60px !important;}\u00a0\u00bb][\/vc_column_inner][vc_column_inner width=\u00a0\u00bb1\/2&Prime;]\t<style>.vcex_69dff73b3e3fb{height:40px;}@media (max-width:1024px){.vcex_69dff73b3e3fb{height:20px;}}@media (max-width:959px){.vcex_69dff73b3e3fb{height:20px;}}@media (max-width:767px){.vcex_69dff73b3e3fb{height:20px;}}@media (max-width:479px){.vcex_69dff73b3e3fb{height:20px;}}<\/style>\n<div class=\"vcex-spacing wpex-w-100 wpex-clear vcex_69dff73b3e3fb\"><\/div>[vc_column_text font_size=\u00a0\u00bbd:20|tl:16|tp:16&Prime; visibility=\u00a0\u00bbhidden-phone\u00a0\u00bb]Rendez-vous dans la <strong>rubrique \u00ab\u00a0transports\u00a0\u00bb<\/strong> &gt; Billets Actv.<\/p>\n<p>S\u00e9lectionnez le <strong>type de billet<\/strong> qui vous int\u00e9resse.[\/vc_column_text][vc_column_text font_size=\u00a0\u00bb20&Prime; visibility=\u00a0\u00bbvisible-phone\u00a0\u00bb css=\u00a0\u00bb.vc_custom_1684434354538{padding-right: 10px !important;padding-left: 10px !important;}\u00a0\u00bb]\n<p style=\"text-align: center;\">Rendez-vous dans la <strong>rubrique \u00ab\u00a0transports\u00a0\u00bb<\/strong> &gt; Billets Actv.<\/p>\n<p style=\"text-align: center;\">S\u00e9lectionnez le <strong>type de billet<\/strong> qui vous int\u00e9resse.<\/p>\n[\/vc_column_text]<div class=\"vcex-module vcex-divider vcex-divider-solid vcex-divider-center wpex-mx-auto visible-phone wpex-block wpex-h-0 wpex-border-b wpex-border-solid wpex-border-main\" style=\"margin-top:20px;\"><\/div><div class=\"vcex-spacing wpex-w-100 wpex-clear hidden\"><\/div><div class=\"vcex-spacing wpex-w-100 wpex-clear hidden\"><\/div>[\/vc_column_inner][\/vc_row_inner][\/vc_column][vc_column width=\u00a0\u00bb1\/2&Prime;][vc_row_inner][vc_column_inner width=\u00a0\u00bb1\/2&Prime;][vc_single_image image=\u00a0\u00bb4756&Prime; visibility=\u00a0\u00bbhidden-phone\u00a0\u00bb][vc_single_image image=\u00a0\u00bb4756&Prime; visibility=\u00a0\u00bbvisible-phone\u00a0\u00bb css=\u00a0\u00bb.vc_custom_1686825673951{margin-bottom: -40px !important;padding-right: 60px !important;}\u00a0\u00bb][\/vc_column_inner][vc_column_inner width=\u00a0\u00bb1\/2&Prime;]\t<style>.vcex_69dff73b3e6fa{height:40px;}@media (max-width:1024px){.vcex_69dff73b3e6fa{height:20px;}}@media (max-width:959px){.vcex_69dff73b3e6fa{height:20px;}}@media (max-width:767px){.vcex_69dff73b3e6fa{height:20px;}}@media (max-width:479px){.vcex_69dff73b3e6fa{height:20px;}}<\/style>\n<div class=\"vcex-spacing wpex-w-100 wpex-clear vcex_69dff73b3e6fa\"><\/div>[vc_column_text font_size=\u00a0\u00bbd:20|tl:16|tp:16&Prime; visibility=\u00a0\u00bbhidden-phone\u00a0\u00bb]Saisissez la <strong>date de validit\u00e9<\/strong> \u00e0 partir de laquelle vous souhaitez utiliser le ticket.<\/p>\n<p>Le billet reste valable dans les <strong>90 jours<\/strong> suivant l&rsquo;achat, jusqu&rsquo;\u00e0 sa validation.[\/vc_column_text][vc_column_text font_size=\u00a0\u00bb20&Prime; visibility=\u00a0\u00bbvisible-phone\u00a0\u00bb css=\u00a0\u00bb.vc_custom_1684434438039{padding-right: 10px !important;padding-left: 10px !important;}\u00a0\u00bb]\n<p style=\"text-align: center;\">Saisissez la <strong>date de validit\u00e9<\/strong> \u00e0 partir de laquelle vous souhaitez utiliser le ticket.<\/p>\n<p style=\"text-align: center;\">Le billet reste valable dans les <strong>90 jours<\/strong> suivant l&rsquo;achat, jusqu&rsquo;\u00e0 sa validation.<\/p>\n[\/vc_column_text]<div class=\"vcex-module vcex-divider vcex-divider-solid vcex-divider-center wpex-mx-auto visible-phone wpex-block wpex-h-0 wpex-border-b wpex-border-solid wpex-border-main\" style=\"margin-top:20px;\"><\/div>[\/vc_column_inner][\/vc_row_inner][\/vc_column][vc_column width=\u00a0\u00bb1\/2&Prime;][vc_row_inner][vc_column_inner width=\u00a0\u00bb1\/2&Prime;][vc_single_image image=\u00a0\u00bb4754&Prime; visibility=\u00a0\u00bbhidden-phone\u00a0\u00bb][vc_single_image image=\u00a0\u00bb4754&Prime; visibility=\u00a0\u00bbvisible-phone\u00a0\u00bb css=\u00a0\u00bb.vc_custom_1686825690242{margin-bottom: -40px !important;padding-right: 60px !important;}\u00a0\u00bb][\/vc_column_inner][vc_column_inner width=\u00a0\u00bb1\/2&Prime;]\t<style>.vcex_69dff73b3e8df{height:40px;}@media (max-width:1024px){.vcex_69dff73b3e8df{height:20px;}}@media (max-width:959px){.vcex_69dff73b3e8df{height:20px;}}@media (max-width:767px){.vcex_69dff73b3e8df{height:20px;}}@media (max-width:479px){.vcex_69dff73b3e8df{height:20px;}}<\/style>\n<div class=\"vcex-spacing wpex-w-100 wpex-clear vcex_69dff73b3e8df\"><\/div>[vc_column_text font_size=\u00a0\u00bbd:20|tl:16|tp:16&Prime; visibility=\u00a0\u00bbhidden-phone\u00a0\u00bb]<strong>Validez<\/strong> votre billet d&rsquo;une simple pression sur votre smartphone.<\/p>\n<p>Scannez le QR Code g\u00e9n\u00e9r\u00e9 sur le <strong>lecteur<\/strong> plac\u00e9 \u00e0 l&rsquo;entr\u00e9e.<\/p>\n<p>Vous pouvez maintenant acc\u00e9der au transport.[\/vc_column_text][vc_column_text font_size=\u00a0\u00bb20&Prime; visibility=\u00a0\u00bbvisible-phone\u00a0\u00bb css=\u00a0\u00bb.vc_custom_1683801387056{padding-right: 10px !important;padding-left: 10px !important;}\u00a0\u00bb]\n<p style=\"text-align: center;\"><strong>Validez<\/strong> votre billet d&rsquo;une simple pression sur votre smartphone.<\/p>\n<p style=\"text-align: center;\">Scannez le QR Code g\u00e9n\u00e9r\u00e9 sur le <strong>lecteur<\/strong> plac\u00e9 \u00e0 l&rsquo;entr\u00e9e.<\/p>\n<p style=\"text-align: center;\">Vous pouvez maintenant acc\u00e9der au transport.<\/p>\n[\/vc_column_text]<div class=\"vcex-module vcex-divider vcex-divider-solid vcex-divider-center wpex-mx-auto visible-phone wpex-block wpex-h-0 wpex-border-b wpex-border-solid wpex-border-main\" style=\"margin-top:20px;\"><\/div>[\/vc_column_inner][\/vc_row_inner][\/vc_column][vc_column width=\u00a0\u00bb2\/3&Prime;]<style> style=\"height:40px;\"<\/style><div class=\"vcex-spacing wpex-w-100 wpex-clear hidden-phone\" style=\"height:40px;\"><\/div>[vc_column_text font_size=\u00a0\u00bb20&Prime; visibility=\u00a0\u00bbhidden-phone\u00a0\u00bb css=\u00a0\u00bb.vc_custom_1683708489349{padding-bottom: 30px !important;}\u00a0\u00bb]\nSi vous achetez des billets pour plusieurs personnes, ils sont tous stock\u00e9s dans votre application MyPass Venezia. Vous pouvez toujours consulter vos billets dans la section vos billets. N&rsquo;oubliez pas de valider chaque titre de transport, chaque titre de transport doit \u00eatre associ\u00e9 \u00e0 une personne physique voyageant \u00e0 bord des v\u00e9hicules ACTV.<br \/>\n[\/vc_column_text][\/vc_column][vc_column width=\u00a0\u00bb1\/3&Prime;][vc_single_image image=\u00a0\u00bb4770&Prime; visibility=\u00a0\u00bbhidden-phone\u00a0\u00bb][\/vc_column][vc_column]<style>.vcex-heading.vcex_69dff73b3ec2d{color:#ffc900;}<\/style><h3 class=\"vcex-heading vcex-heading-plain vcex-module wpex-heading wpex-text-2xl wpex-h3 vc_custom_1684437065241 vcex_69dff73b3ec2d\"><span class=\"vcex-heading-inner wpex-inline-block\">Activation et validation des billets<\/span><\/h3>[vc_column_text font_size=\u00a0\u00bb20&Prime; css=\u00a0\u00bb.vc_custom_1686833609312{padding-bottom: 30px !important;}\u00a0\u00bb]\n<ul>\n<li style=\"text-align: justify;\">Une fois qu&rsquo;un billet est achet\u00e9, il reste <strong>valable 90 jours<\/strong> jusqu&rsquo;\u00e0 ce qu&rsquo;il soit activ\u00e9 ou valid\u00e9.<\/li>\n<li style=\"text-align: justify;\">La dur\u00e9e totale de validit\u00e9 du ticket, une fois activ\u00e9, est visible en bas \u00e0 droite.<\/li>\n<li style=\"text-align: justify;\">Apr\u00e8s activation du ticket, un <strong>QR dynamique<\/strong> est g\u00e9n\u00e9r\u00e9 qui doit \u00eatre scann\u00e9 sur les lecteurs appropri\u00e9s pour validation aux entr\u00e9es des d\u00e9barcad\u00e8res ou sur les moyens de transport ACTV.<\/li>\n<li style=\"text-align: justify;\">Le ticket avec le code QR dynamique ne peut pas \u00eatre photographi\u00e9 ou envoy\u00e9 \u00e0 d&rsquo;autres personnes, car il <strong>change toutes les quelques secondes<\/strong> et le lecteur peut ne pas le lire correctement. L&rsquo;utilisateur du compte MyPass Venezia qui a effectu\u00e9 l&rsquo;achat est donc propri\u00e9taire et d\u00e9tenteur de tous les titres de transport achet\u00e9s.<\/li>\n<\/ul>\n[\/vc_column_text]<style> style=\"height:20px;\"<\/style><div class=\"vcex-spacing wpex-w-100 wpex-clear\" style=\"height:20px;\"><\/div><style>.vcex-heading.vcex_69dff73b3f0fa{color:#ffc900;}<\/style><h3 class=\"vcex-heading vcex-heading-plain vcex-module wpex-heading wpex-text-2xl wpex-h3 vc_custom_1684437523493 vcex_69dff73b3f0fa\"><span class=\"vcex-heading-inner wpex-inline-block\">Achat et stockage de plusieurs billets ACTV<\/span><\/h3>[vc_column_text font_size=\u00a0\u00bb20&Prime; css=\u00a0\u00bb.vc_custom_1688652891089{padding-bottom: 30px !important;}\u00a0\u00bb]\n<ul>\n<li style=\"text-align: justify;\">Si vous achetez des billets pour plusieurs personnes, veuillez noter que tous les billets sont conserv\u00e9s dans la section \u00ab\u00a0Vos billets\u00a0\u00bb de l&rsquo;application MyPass Venezia et ne peuvent \u00eatre transf\u00e9r\u00e9s ou envoy\u00e9s \u00e0 d&rsquo;autres personnes.<\/li>\n<li style=\"text-align: justify;\">Il est n\u00e9cessaire d&rsquo;activer et de valider un ticket pour chaque personne qui a l&rsquo;intention d&rsquo;utiliser le moyen de transport ACTV. La non-validation ne serait-ce que d&rsquo;un seul billet peut entra\u00eener des sanctions par le personnel comp\u00e9tent.<\/li>\n<li style=\"text-align: justify;\">Pour \u00e9viter la congestion aux tourniquets, il est conseill\u00e9 de valider initialement les billets pour les utilisateurs pour lesquels ils ont \u00e9t\u00e9 achet\u00e9s et de leur permettre l&rsquo;acc\u00e8s, afin que le titulaire du compte et le titulaire du document de voyage puissent acc\u00e9der facilement en dernier \u00e0 l&rsquo;aide de leur smartphone .<\/li>\n<\/ul>\n[\/vc_column_text][\/vc_column][\/vc_row][vc_row visibility=\u00a0\u00bbvisible-phone\u00a0\u00bb el_id=\u00a0\u00bbMobile\u00a0\u00bb][vc_column][vc_single_image image=\u00a0\u00bb4770&Prime; visibility=\u00a0\u00bbvisible-phone\u00a0\u00bb]<style> style=\"height:30px;\"<\/style><div class=\"vcex-spacing wpex-w-100 wpex-clear visible-phone\" style=\"height:30px;\"><\/div>[vc_column_text font_size=\u00a0\u00bb20&Prime; visibility=\u00a0\u00bbvisible-phone\u00a0\u00bb]Si vous achetez des billets <strong>pour plusieurs personnes<\/strong>, ils sont tous stock\u00e9s dans votre application MyPass Venezia. Vous pouvez toujours consulter vos billets dans la section vos billets. N&rsquo;oubliez pas de valider chaque titre de transport, chaque titre de transport doit \u00eatre associ\u00e9 \u00e0 une personne physique voyageant \u00e0 bord des v\u00e9hicules ACTV.[\/vc_column_text][\/vc_column][\/vc_row]\n<\/div>","protected":false},"excerpt":{"rendered":"<p>[vc_row el_id=\u00a0\u00bbWEB &#8211; Come funziona\u00a0\u00bb][vc_column][\/vc_column][vc_column width=\u00a0\u00bb1\/2&Prime;][vc_row_inner][vc_column_inner width=\u00a0\u00bb1\/2&Prime;][vc_single_image image=\u00a0\u00bb4752&Prime; visibility=\u00a0\u00bbhidden-phone\u00a0\u00bb][vc_single_image image=\u00a0\u00bb4752&Prime; visibility=\u00a0\u00bbvisible-phone\u00a0\u00bb css=\u00a0\u00bb.vc_custom_1686825620834{margin-bottom: -40px !important;padding-right: 60px !important;}\u00a0\u00bb][\/vc_column_inner][vc_column_inner width=\u00a0\u00bb1\/2&Prime;][vc_column_text font_size=\u00a0\u00bbd:20|tl:16|tp:16|pl:16|pp:16&Prime; visibility=\u00a0\u00bbhidden-phone\u00a0\u00bb]T\u00e9l\u00e9chargez l&rsquo;application MyPass Venise. Ins\u00e9rez vos donn\u00e9es. Associez un moyen de paiement.[\/vc_column_text][vc_column_text font_size=\u00a0\u00bb20&Prime; visibility=\u00a0\u00bbvisible-phone\u00a0\u00bb css=\u00a0\u00bb.vc_custom_1683801361628{padding-right: 10px !important;padding-left: 10px !important;}\u00a0\u00bb] T\u00e9l\u00e9chargez MT\u00e9l\u00e9chargez l&rsquo;application MyPass Venise. Ins\u00e9rez vos donn\u00e9es. Associez un moyen de paiement. [\/vc_column_text][\/vc_column_inner][\/vc_row_inner][\/vc_column][vc_column width=\u00a0\u00bb1\/2&Prime;][vc_row_inner][vc_column_inner width=\u00a0\u00bb1\/2&Prime;][vc_single_image image=\u00a0\u00bb4758&Prime; visibility=\u00a0\u00bbhidden-phone\u00a0\u00bb][vc_single_image&hellip;<\/p>\n","protected":false},"author":9,"featured_media":0,"parent":0,"menu_order":0,"comment_status":"closed","ping_status":"closed","template":"","meta":{"footnotes":""},"yst_prominent_words":[],"_links":{"self":[{"href":"https:\/\/www.mypassvenezia.it\/fr\/wp-json\/wp\/v2\/pages\/4748"}],"collection":[{"href":"https:\/\/www.mypassvenezia.it\/fr\/wp-json\/wp\/v2\/pages"}],"about":[{"href":"https:\/\/www.mypassvenezia.it\/fr\/wp-json\/wp\/v2\/types\/page"}],"author":[{"embeddable":true,"href":"https:\/\/www.mypassvenezia.it\/fr\/wp-json\/wp\/v2\/users\/9"}],"replies":[{"embeddable":true,"href":"https:\/\/www.mypassvenezia.it\/fr\/wp-json\/wp\/v2\/comments?post=4748"}],"version-history":[{"count":0,"href":"https:\/\/www.mypassvenezia.it\/fr\/wp-json\/wp\/v2\/pages\/4748\/revisions"}],"wp:attachment":[{"href":"https:\/\/www.mypassvenezia.it\/fr\/wp-json\/wp\/v2\/media?parent=4748"}],"wp:term":[{"taxonomy":"yst_prominent_words","embeddable":true,"href":"https:\/\/www.mypassvenezia.it\/fr\/wp-json\/wp\/v2\/yst_prominent_words?post=4748"}],"curies":[{"name":"wp","href":"https:\/\/api.w.org\/{rel}","templated":true}]}}