{"id":4918,"date":"2023-08-29T11:36:54","date_gmt":"2023-08-29T09:36:54","guid":{"rendered":"https:\/\/www.mypassvenezia.it\/instrucciones-estacionamiento-piazzale-roma\/"},"modified":"2023-08-29T13:10:05","modified_gmt":"2023-08-29T11:10:05","slug":"instrucciones-estacionamiento-piazzale-roma","status":"publish","type":"page","link":"https:\/\/www.mypassvenezia.it\/es\/instrucciones-estacionamiento-piazzale-roma\/","title":{"rendered":"Instrucciones de estacionamiento en Piazzale Roma"},"content":{"rendered":"<div class=\"wpb-content-wrapper\">[vc_row el_id=\u00bbWEB &#8211; Come funziona\u00bb][vc_column]\t<style>.vcex_69fa03951d604{height:40px;}@media (max-width:767px){.vcex_69fa03951d604{height:30px;}}@media (max-width:479px){.vcex_69fa03951d604{height:30px;}}<\/style>\n<div class=\"vcex-spacing wpex-w-100 wpex-clear vcex_69fa03951d604\"><\/div><style>.vcex-heading.vcex_69fa03951d9f2{font-size:40px;}@media (max-width:1024px){.vcex-heading.vcex_69fa03951d9f2{font-size:32px;}}@media (max-width:959px){.vcex-heading.vcex_69fa03951d9f2{font-size:32px;}}@media (max-width:767px){.vcex-heading.vcex_69fa03951d9f2{font-size:28px;}}@media (max-width:479px){.vcex-heading.vcex_69fa03951d9f2{font-size:28px;}}<\/style><h2 class=\"vcex-heading vcex-heading-plain vcex-module wpex-heading wpex-text-2xl wpex-h2 vcex_69fa03951d9f2\"><span class=\"vcex-heading-inner wpex-inline-block\">C\u00f3mo funciona el estacionamiento en Piazzale Roma<\/span><\/h2>[\/vc_column][vc_column width=\u00bb1\/2&#8243;][vc_row_inner][vc_column_inner width=\u00bb1\/2&#8243;][vc_single_image image=\u00bb4896&#8243; visibility=\u00bbhidden-phone\u00bb][vc_single_image image=\u00bb4896&#8243; visibility=\u00bbvisible-phone\u00bb css=\u00bb.vc_custom_1692862978573{margin-bottom: -40px !important;padding-right: 60px !important;}\u00bb][\/vc_column_inner][vc_column_inner width=\u00bb1\/2&#8243;]\t<style>.vcex_69fa03951dc5a{height:40px;}@media (max-width:1024px){.vcex_69fa03951dc5a{height:20px;}}@media (max-width:959px){.vcex_69fa03951dc5a{height:20px;}}@media (max-width:767px){.vcex_69fa03951dc5a{height:20px;}}@media (max-width:479px){.vcex_69fa03951dc5a{height:20px;}}<\/style>\n<div class=\"vcex-spacing wpex-w-100 wpex-clear vcex_69fa03951dc5a\"><\/div>[vc_column_text font_size=\u00bbd:20|tl:16|tp:16|pl:16|pp:16&#8243; visibility=\u00bbhidden-phone\u00bb]<strong>Descarga la aplicaci\u00f3n<\/strong> MyPass Venezia y accede a la secci\u00f3n de &#8216;<strong>estacionamientos<\/strong>&#8216;.[\/vc_column_text][vc_column_text font_size=\u00bb20&#8243; visibility=\u00bbvisible-phone\u00bb css=\u00bb.vc_custom_1692863710558{padding-right: 10px !important;padding-left: 10px !important;}\u00bb]\n<p style=\"text-align: center;\"><a href=\"https:\/\/urlgeni.us\/mypassveneziaa\"><strong><span style=\"text-decoration: underline;\">Descarga la aplicati\u00f2n<\/span><\/strong><\/a> <em>MyPass Venezia<\/em><br \/>\ny accede a la secci\u00f3n de &#8216;<strong>estacionamientos<\/strong>&#8216;.<\/p>\n[\/vc_column_text]<div class=\"vcex-module vcex-divider vcex-divider-solid vcex-divider-center wpex-mx-auto visible-phone wpex-block wpex-h-0 wpex-border-b wpex-border-solid wpex-border-main\" style=\"margin-top:20px;\"><\/div>[\/vc_column_inner][\/vc_row_inner][\/vc_column][vc_column width=\u00bb1\/2&#8243;][vc_row_inner][vc_column_inner width=\u00bb1\/2&#8243;][vc_single_image image=\u00bb4901&#8243; visibility=\u00bbhidden-phone\u00bb][vc_single_image image=\u00bb4901&#8243; visibility=\u00bbvisible-phone\u00bb css=\u00bb.vc_custom_1692863089791{margin-bottom: -40px !important;padding-right: 60px !important;}\u00bb][\/vc_column_inner][vc_column_inner width=\u00bb1\/2&#8243;]\t<style>.vcex_69fa03951df2e{height:40px;}@media (max-width:1024px){.vcex_69fa03951df2e{height:20px;}}@media (max-width:959px){.vcex_69fa03951df2e{height:20px;}}@media (max-width:767px){.vcex_69fa03951df2e{height:20px;}}@media (max-width:479px){.vcex_69fa03951df2e{height:20px;}}<\/style>\n<div class=\"vcex-spacing wpex-w-100 wpex-clear vcex_69fa03951df2e\"><\/div>[vc_column_text font_size=\u00bbd:20|tl:16|tp:16&#8243; visibility=\u00bbhidden-phone\u00bb]\n<p style=\"text-align: justify;\"><strong>Selecciona las fechas en las que deseas estacionar tu auto<\/strong>.<\/p>\n<p style=\"text-align: justify;\">Debes reservar al menos 1 d\u00eda antes de tu llegada.<\/p>\n<p style=\"text-align: justify;\">El plazo m\u00ednimo de pago es de 24 horas.<\/p>\n[\/vc_column_text][vc_column_text font_size=\u00bb20&#8243; visibility=\u00bbvisible-phone\u00bb css=\u00bb.vc_custom_1693304516778{padding-right: 10px !important;padding-left: 10px !important;}\u00bb]\n<p style=\"text-align: center;\"><strong>Selecciona las fechas en las que<br \/>\ndeseas estacionar tu auto<\/strong>.<\/p>\n<p style=\"text-align: center;\">Debes reservar al menos<br \/>\n1 d\u00eda antes de tu llegada.<\/p>\n<p style=\"text-align: center;\">El per\u00edodo m\u00ednimo de<br \/>\npago es de 24 horas.<\/p>\n[\/vc_column_text]<div class=\"vcex-module vcex-divider vcex-divider-solid vcex-divider-center wpex-mx-auto visible-phone wpex-block wpex-h-0 wpex-border-b wpex-border-solid wpex-border-main\" style=\"margin-top:20px;\"><\/div>[\/vc_column_inner][\/vc_row_inner][\/vc_column][vc_column width=\u00bb1\/2&#8243;][vc_row_inner][vc_column_inner][vc_single_image image=\u00bb4906&#8243; visibility=\u00bbhidden-phone\u00bb][vc_single_image image=\u00bb4906&#8243; visibility=\u00bbvisible-phone\u00bb css=\u00bb.vc_custom_1692863784680{margin-bottom: -40px !important;padding-right: 60px !important;}\u00bb]\t<style>.vcex_69fa03951e1dc{height:40px;}@media (max-width:1024px){.vcex_69fa03951e1dc{height:20px;}}@media (max-width:959px){.vcex_69fa03951e1dc{height:20px;}}@media (max-width:767px){.vcex_69fa03951e1dc{height:20px;}}@media (max-width:479px){.vcex_69fa03951e1dc{height:20px;}}<\/style>\n<div class=\"vcex-spacing wpex-w-100 wpex-clear vcex_69fa03951e1dc\"><\/div>[vc_column_text font_size=\u00bbd:20|tl:16|tp:16&#8243; visibility=\u00bbhidden-phone\u00bb css=\u00bb.vc_custom_1693304383852{padding-left: 100px !important;}\u00bb]<span style=\"color: #ffc600;\"><strong>Check-in<\/strong><\/span><\/p>\n<div class=\"page\" title=\"Page 1\">\n<div class=\"layoutArea\">\n<div class=\"column\">\n<p>Ingresa al estacionamiento p\u00fablico de Piazzale Roma utilizando el carril preferencial (encontrar\u00e1s la se\u00f1alizaci\u00f3n &#8216;Riservato abbonati&#8217; a la izquierda).<\/p>\n<p>Al personal encargado en la entrada, presenta tu voucher impreso con el <strong>c\u00f3digo personal PNR<\/strong>. A trav\u00e9s de un intercomunicador, el empleado te indicar\u00e1 el lugar donde estacionarte.<\/p>\n<\/div>\n<\/div>\n<\/div>\n[\/vc_column_text][vc_column_text font_size=\u00bb20&#8243; visibility=\u00bbvisible-phone\u00bb css=\u00bb.vc_custom_1693304389519{margin-top: 40px !important;padding-right: 10px !important;padding-left: 10px !important;}\u00bb]\n<p style=\"text-align: center;\"><span style=\"color: #ffc600;\"><strong>Check-in<\/strong><\/span><\/p>\n<div class=\"page\" title=\"Page 1\">\n<div class=\"layoutArea\">\n<div class=\"column\">\n<p style=\"text-align: center;\">Ingresa al estacionamiento p\u00fablico de Piazzale Roma utilizando el carril preferencial (encontrar\u00e1s la se\u00f1alizaci\u00f3n &#8216;Riservato abbonati&#8217; a la izquierda).<\/p>\n<p style=\"text-align: center;\">Al personal encargado en la entrada, presenta tu voucher impreso con el <strong>c\u00f3digo personal PNR<\/strong>. A trav\u00e9s de un intercomunicador, el empleado te indicar\u00e1 el lugar donde estacionarte.<\/p>\n<\/div>\n<\/div>\n<\/div>\n[\/vc_column_text]<div class=\"vcex-module vcex-divider vcex-divider-solid vcex-divider-center wpex-mx-auto visible-phone wpex-block wpex-h-0 wpex-border-b wpex-border-solid wpex-border-main\" style=\"margin-top:20px;\"><\/div>[\/vc_column_inner][\/vc_row_inner][\/vc_column][vc_column width=\u00bb1\/2&#8243;][vc_row_inner][vc_column_inner][vc_single_image image=\u00bb4911&#8243; visibility=\u00bbhidden-phone\u00bb][vc_single_image image=\u00bb4911&#8243; visibility=\u00bbvisible-phone\u00bb css=\u00bb.vc_custom_1692866824801{margin-bottom: -40px !important;padding-right: 60px !important;}\u00bb]\t<style>.vcex_69fa03951e3e7{height:40px;}@media (max-width:1024px){.vcex_69fa03951e3e7{height:20px;}}@media (max-width:959px){.vcex_69fa03951e3e7{height:20px;}}@media (max-width:767px){.vcex_69fa03951e3e7{height:20px;}}@media (max-width:479px){.vcex_69fa03951e3e7{height:20px;}}<\/style>\n<div class=\"vcex-spacing wpex-w-100 wpex-clear vcex_69fa03951e3e7\"><\/div>[vc_column_text font_size=\u00bbd:20|tl:16|tp:16&#8243; visibility=\u00bbhidden-phone\u00bb css=\u00bb.vc_custom_1693304428371{padding-left: 100px !important;}\u00bb]<span style=\"color: #ffc600;\"><strong>Check-out<\/strong><\/span><\/p>\n<div class=\"page\" title=\"Page 1\">\n<div class=\"layoutArea\">\n<div class=\"column\">\n<p>Antes de recoger tu autom\u00f3vil, dir\u00edgete a la caja de la Autorimessa con tu voucher (c\u00f3digo PNR) y el boleto que te fue entregado en la entrada.<\/p>\n<p><span style=\"color: #ffc600;\"><strong>N.B.<\/strong><\/span><\/p>\n<p>Despu\u00e9s de exceder el d\u00eda o los d\u00edas reservados, se contabilizar\u00e1n las siguientes 24 horas completas de estacionamiento.<\/p>\n<\/div>\n<\/div>\n<\/div>\n[\/vc_column_text][vc_column_text font_size=\u00bb20&#8243; visibility=\u00bbvisible-phone\u00bb css=\u00bb.vc_custom_1693304443940{margin-top: 40px !important;padding-right: 10px !important;padding-left: 10px !important;}\u00bb]\n<p style=\"text-align: center;\"><span style=\"color: #ffc600;\"><strong>Check-out<\/strong><\/span><\/p>\n<div class=\"page\" title=\"Page 1\">\n<div class=\"layoutArea\">\n<div class=\"column\">\n<p style=\"text-align: center;\">Antes de recoger tu autom\u00f3vil, dir\u00edgete a la caja de la Autorimessa con tu voucher (c\u00f3digo PNR) y el boleto que te fue entregado en la entrada.<\/p>\n<p style=\"text-align: center;\"><span style=\"color: #ffc600;\"><strong>N.B.<\/strong><\/span><\/p>\n<p style=\"text-align: center;\">Despu\u00e9s de exceder el d\u00eda o los d\u00edas reservados, se contabilizar\u00e1n las siguientes 24 horas completas de estacionamiento.<\/p>\n<\/div>\n<\/div>\n<\/div>\n[\/vc_column_text]<div class=\"vcex-module vcex-divider vcex-divider-solid vcex-divider-center wpex-mx-auto visible-phone wpex-block wpex-h-0 wpex-border-b wpex-border-solid wpex-border-main\" style=\"margin-top:20px;\"><\/div>[\/vc_column_inner][\/vc_row_inner][\/vc_column][\/vc_row][vc_row][vc_column][vc_tta_accordion][vc_tta_section title=\u00bb\u00bfCu\u00e1l es la diferencia entre el boleto Parking 24h en l\u00ednea y el boleto Parking 24h en l\u00ednea con descuento?\u00bb tab_id=\u00bb1692867441593-78e9a377-41d7&#8243;][vc_column_text]\nEl primero permite modificar la fecha de entrada <strong>hasta tres meses despu\u00e9s<\/strong>.<\/p>\n<p>El segundo tiene un precio diario reducido, pero solo es <strong>modificable para las pr\u00f3ximas 24 horas<\/strong>.<br \/>\n[\/vc_column_text][\/vc_tta_section][vc_tta_section title=\u00bb\u00bfSe puede cambiar la fecha de estacionamiento?\u00bb tab_id=\u00bb1692867441609-60f7d3e6-928c\u00bb][vc_column_text]Enviando un correo electr\u00f3nico a <a href=\"mailto:info@veneziaunica.it\" target=\"_new\" rel=\"noopener\">info@veneziaunica.it<\/a> y proporcionando el c\u00f3digo PNR de la reserva de estacionamiento ya realizada, es posible cambiar la fecha de llegada dentro de tres meses a partir de la fecha prevista, solo si has comprado el boleto Parking 24h ONLINE.<\/p>\n<p>En cambio, para el boleto Parking 24h ONLINE Scontato, podr\u00e1s solicitar el cambio de reserva solo para el d\u00eda siguiente, tambi\u00e9n escribiendo a la direcci\u00f3n mencionada anteriormente.[\/vc_column_text][\/vc_tta_section][vc_tta_section title=\u00bb\u00bfSe puede cancelar la reserva?\u00bb tab_id=\u00bb1692867677785-148be77d-4673&#8243;][vc_column_text]El estacionamiento se paga inmediatamente al momento de la reserva y <strong>no puede ser cancelado ni reembolsado<\/strong>.[\/vc_column_text][\/vc_tta_section][vc_tta_section title=\u00bb\u00bfQu\u00e9 sucede si me quedo m\u00e1s tiempo del d\u00eda de la reserva?\u00bb tab_id=\u00bb1692867708807-64009cf1-9a4c\u00bb][vc_column_text]Despu\u00e9s de pasar el d\u00eda o los d\u00edas reservados (por ejemplo, si llego a las 17:00 del d\u00eda reservado, despu\u00e9s de las 17:00 del d\u00eda siguiente), <strong>se contar\u00e1n como un d\u00eda completo las siguientes 24 horas de estacionamiento<\/strong>, que deber\u00e1n ser pagadas en la caja en el lugar.[\/vc_column_text][\/vc_tta_section][\/vc_tta_accordion][\/vc_column][\/vc_row]\n<\/div>","protected":false},"excerpt":{"rendered":"<p>[vc_row el_id=\u00bbWEB &#8211; Come funziona\u00bb][vc_column][\/vc_column][vc_column width=\u00bb1\/2&#8243;][vc_row_inner][vc_column_inner width=\u00bb1\/2&#8243;][vc_single_image image=\u00bb4896&#8243; visibility=\u00bbhidden-phone\u00bb][vc_single_image image=\u00bb4896&#8243; visibility=\u00bbvisible-phone\u00bb css=\u00bb.vc_custom_1692862978573{margin-bottom: -40px !important;padding-right: 60px !important;}\u00bb][\/vc_column_inner][vc_column_inner width=\u00bb1\/2&#8243;][vc_column_text font_size=\u00bbd:20|tl:16|tp:16|pl:16|pp:16&#8243; visibility=\u00bbhidden-phone\u00bb]Descarga la aplicaci\u00f3n MyPass Venezia y accede a la secci\u00f3n de &#8216;estacionamientos&#8216;.[\/vc_column_text][vc_column_text font_size=\u00bb20&#8243; visibility=\u00bbvisible-phone\u00bb css=\u00bb.vc_custom_1692863710558{padding-right: 10px !important;padding-left: 10px !important;}\u00bb] Descarga la aplicati\u00f2n MyPass Venezia y accede a la secci\u00f3n de &#8216;estacionamientos&#8216;. [\/vc_column_text][\/vc_column_inner][\/vc_row_inner][\/vc_column][vc_column width=\u00bb1\/2&#8243;][vc_row_inner][vc_column_inner width=\u00bb1\/2&#8243;][vc_single_image image=\u00bb4901&#8243; visibility=\u00bbhidden-phone\u00bb][vc_single_image image=\u00bb4901&#8243;&hellip;<\/p>\n","protected":false},"author":9,"featured_media":4919,"parent":0,"menu_order":0,"comment_status":"closed","ping_status":"closed","template":"","meta":{"footnotes":""},"yst_prominent_words":[],"_links":{"self":[{"href":"https:\/\/www.mypassvenezia.it\/es\/wp-json\/wp\/v2\/pages\/4918"}],"collection":[{"href":"https:\/\/www.mypassvenezia.it\/es\/wp-json\/wp\/v2\/pages"}],"about":[{"href":"https:\/\/www.mypassvenezia.it\/es\/wp-json\/wp\/v2\/types\/page"}],"author":[{"embeddable":true,"href":"https:\/\/www.mypassvenezia.it\/es\/wp-json\/wp\/v2\/users\/9"}],"replies":[{"embeddable":true,"href":"https:\/\/www.mypassvenezia.it\/es\/wp-json\/wp\/v2\/comments?post=4918"}],"version-history":[{"count":0,"href":"https:\/\/www.mypassvenezia.it\/es\/wp-json\/wp\/v2\/pages\/4918\/revisions"}],"wp:featuredmedia":[{"embeddable":true,"href":"https:\/\/www.mypassvenezia.it\/es\/wp-json\/wp\/v2\/media\/4919"}],"wp:attachment":[{"href":"https:\/\/www.mypassvenezia.it\/es\/wp-json\/wp\/v2\/media?parent=4918"}],"wp:term":[{"taxonomy":"yst_prominent_words","embeddable":true,"href":"https:\/\/www.mypassvenezia.it\/es\/wp-json\/wp\/v2\/yst_prominent_words?post=4918"}],"curies":[{"name":"wp","href":"https:\/\/api.w.org\/{rel}","templated":true}]}}