{"id":4917,"date":"2023-08-28T09:21:00","date_gmt":"2023-08-28T07:21:00","guid":{"rendered":"https:\/\/www.mypassvenezia.it\/anweisungen-parken-piazzale-roma\/"},"modified":"2023-08-29T13:08:11","modified_gmt":"2023-08-29T11:08:11","slug":"anweisungen-parken-piazzale-roma","status":"publish","type":"page","link":"https:\/\/www.mypassvenezia.it\/de\/anweisungen-parken-piazzale-roma\/","title":{"rendered":"Anweisungen f\u00fcr das Parken am Piazzale Roma"},"content":{"rendered":"<div class=\"wpb-content-wrapper\">[vc_row el_id=&#8220;WEB &#8211; Come funziona&#8220;][vc_column]\t<style>.vcex_69deb4c174a44{height:40px;}@media (max-width:767px){.vcex_69deb4c174a44{height:30px;}}@media (max-width:479px){.vcex_69deb4c174a44{height:30px;}}<\/style>\n<div class=\"vcex-spacing wpex-w-100 wpex-clear vcex_69deb4c174a44\"><\/div><style>.vcex-heading.vcex_69deb4c174dd4{font-size:40px;}@media (max-width:1024px){.vcex-heading.vcex_69deb4c174dd4{font-size:32px;}}@media (max-width:959px){.vcex-heading.vcex_69deb4c174dd4{font-size:32px;}}@media (max-width:767px){.vcex-heading.vcex_69deb4c174dd4{font-size:28px;}}@media (max-width:479px){.vcex-heading.vcex_69deb4c174dd4{font-size:28px;}}<\/style><h2 class=\"vcex-heading vcex-heading-plain vcex-module wpex-heading wpex-text-2xl wpex-h2 vcex_69deb4c174dd4\"><span class=\"vcex-heading-inner wpex-inline-block\">So funktioniert das Parken auf dem Piazzale Roma<\/span><\/h2>[\/vc_column][vc_column width=&#8220;1\/2&#8243;][vc_row_inner][vc_column_inner width=&#8220;1\/2&#8243;][vc_single_image image=&#8220;4895&#8243; visibility=&#8220;hidden-phone&#8220;][vc_single_image image=&#8220;4895&#8243; visibility=&#8220;visible-phone&#8220; css=&#8220;.vc_custom_1692862978573{margin-bottom: -40px !important;padding-right: 60px !important;}&#8220;][\/vc_column_inner][vc_column_inner width=&#8220;1\/2&#8243;]\t<style>.vcex_69deb4c17504f{height:40px;}@media (max-width:1024px){.vcex_69deb4c17504f{height:20px;}}@media (max-width:959px){.vcex_69deb4c17504f{height:20px;}}@media (max-width:767px){.vcex_69deb4c17504f{height:20px;}}@media (max-width:479px){.vcex_69deb4c17504f{height:20px;}}<\/style>\n<div class=\"vcex-spacing wpex-w-100 wpex-clear vcex_69deb4c17504f\"><\/div>[vc_column_text font_size=&#8220;d:20|tl:16|tp:16|pl:16|pp:16&#8243; visibility=&#8220;hidden-phone&#8220;]<strong>Laden Sie<\/strong> die App <em>MyPass Venezia <\/em>herunter und gehen Sie zum Abschnitt &#8222;<strong>Parkpl\u00e4tze<\/strong>&#8222;.[\/vc_column_text][vc_column_text font_size=&#8220;20&#8243; visibility=&#8220;visible-phone&#8220; css=&#8220;.vc_custom_1692863710558{padding-right: 10px !important;padding-left: 10px !important;}&#8220;]\n<p style=\"text-align: center;\"><a href=\"https:\/\/urlgeni.us\/mypassveneziaa\"><strong><span style=\"text-decoration: underline;\">Laden Sie<\/span><\/strong><\/a> die <em>MyPass Venezia<\/em><br \/>\nherunter und gehen Sie<br \/>\nzum Abschnitt &#8222;<strong>Parkpl\u00e4tze<\/strong>&#8222;<strong>.<\/strong><\/p>\n[\/vc_column_text]<div class=\"vcex-module vcex-divider vcex-divider-solid vcex-divider-center wpex-mx-auto visible-phone wpex-block wpex-h-0 wpex-border-b wpex-border-solid wpex-border-main\" style=\"margin-top:20px;\"><\/div>[\/vc_column_inner][\/vc_row_inner][\/vc_column][vc_column width=&#8220;1\/2&#8243;][vc_row_inner][vc_column_inner width=&#8220;1\/2&#8243;][vc_single_image image=&#8220;4900&#8243; visibility=&#8220;hidden-phone&#8220;][vc_single_image image=&#8220;4900&#8243; visibility=&#8220;visible-phone&#8220; css=&#8220;.vc_custom_1692863089791{margin-bottom: -40px !important;padding-right: 60px !important;}&#8220;][\/vc_column_inner][vc_column_inner width=&#8220;1\/2&#8243;]\t<style>.vcex_69deb4c1753a2{height:40px;}@media (max-width:1024px){.vcex_69deb4c1753a2{height:20px;}}@media (max-width:959px){.vcex_69deb4c1753a2{height:20px;}}@media (max-width:767px){.vcex_69deb4c1753a2{height:20px;}}@media (max-width:479px){.vcex_69deb4c1753a2{height:20px;}}<\/style>\n<div class=\"vcex-spacing wpex-w-100 wpex-clear vcex_69deb4c1753a2\"><\/div>[vc_column_text font_size=&#8220;d:20|tl:16|tp:16&#8243; visibility=&#8220;hidden-phone&#8220;]\n<strong>W\u00e4hlen Sie die Daten aus, <\/strong><strong>an denen Sie Ihr Auto parken m\u00f6chten.<\/strong><\/p>\n<p>Sie m\u00fcssen mindestens 1 Tag vor Ihrer Ankunft buchen.<\/p>\n<p>Die Mindestparkdauer<br \/>\nbetr\u00e4gt 24 Stunden.<br \/>\n[\/vc_column_text][vc_column_text font_size=&#8220;20&#8243; visibility=&#8220;visible-phone&#8220; css=&#8220;.vc_custom_1693304516778{padding-right: 10px !important;padding-left: 10px !important;}&#8220;]\n<p style=\"text-align: center;\"><strong>W\u00e4hlen Sie die Daten aus, <\/strong><br \/>\n<strong>an denen Sie Ihr Auto<br \/>\nparken m\u00f6chten.<\/strong><\/p>\n<p style=\"text-align: center;\">Sie m\u00fcssen mindestens<br \/>\n1 Tag vor Ihrer Ankunft buchen.<\/p>\n<p style=\"text-align: center;\"><span class=\"jCAhz ChMk0b\"><span class=\"ryNqvb\">Die Mindestdauer von<\/span><\/span> <span class=\"jCAhz ChMk0b\"><span class=\"ryNqvb\">Die Zahlung<br \/>\nerfolgt innerhalb von 24 Stunden.<\/span><\/span><\/p>\n[\/vc_column_text]<div class=\"vcex-module vcex-divider vcex-divider-solid vcex-divider-center wpex-mx-auto visible-phone wpex-block wpex-h-0 wpex-border-b wpex-border-solid wpex-border-main\" style=\"margin-top:20px;\"><\/div>[\/vc_column_inner][\/vc_row_inner][\/vc_column][vc_column width=&#8220;1\/2&#8243;][vc_row_inner][vc_column_inner][vc_single_image image=&#8220;4905&#8243; visibility=&#8220;hidden-phone&#8220;][vc_single_image image=&#8220;4905&#8243; visibility=&#8220;visible-phone&#8220; css=&#8220;.vc_custom_1692863784680{margin-bottom: -40px !important;padding-right: 60px !important;}&#8220;]\t<style>.vcex_69deb4c175591{height:40px;}@media (max-width:1024px){.vcex_69deb4c175591{height:20px;}}@media (max-width:959px){.vcex_69deb4c175591{height:20px;}}@media (max-width:767px){.vcex_69deb4c175591{height:20px;}}@media (max-width:479px){.vcex_69deb4c175591{height:20px;}}<\/style>\n<div class=\"vcex-spacing wpex-w-100 wpex-clear vcex_69deb4c175591\"><\/div>[vc_column_text font_size=&#8220;d:20|tl:16|tp:16&#8243; visibility=&#8220;hidden-phone&#8220; css=&#8220;.vc_custom_1693304383852{padding-left: 100px !important;}&#8220;]<span style=\"color: #ffc600;\"><strong>Check-in<\/strong><\/span><\/p>\n<div class=\"page\" title=\"Page 1\">\n<div class=\"layoutArea\">\n<div class=\"column\">\n<p style=\"text-align: justify;\">Nutzen Sie die st\u00e4dtische Tiefgarage Piazzale Roma \u00fcber die bevorzugte Spur (Sie finden die Anzeige &#8222;Riservato Abbonati&#8220; Nur f\u00fcr Abonnenten reserviert auf der linken Seite).<\/p>\n<p style=\"text-align: justify;\">Zeigen Sie dem Einlasspersonal Ihren ausgedruckten Gutschein mit dem <strong>pers\u00f6nlichen PNR-Code vor<\/strong>. \u00dcber eine Gegensprechanlage wird Ihnen der Mitarbeiter den Parkplatz zuweisen.<\/p>\n<\/div>\n<\/div>\n<\/div>\n[\/vc_column_text][vc_column_text font_size=&#8220;20&#8243; visibility=&#8220;visible-phone&#8220; css=&#8220;.vc_custom_1693304389519{margin-top: 40px !important;padding-right: 10px !important;padding-left: 10px !important;}&#8220;]\n<p style=\"text-align: center;\"><span style=\"color: #ffc600;\"><strong>Check-in<\/strong><\/span><\/p>\n<div class=\"page\" title=\"Page 1\">\n<div class=\"layoutArea\">\n<div class=\"column\">\n<p style=\"text-align: center;\">Nutzen Sie die st\u00e4dtische Tiefgarage Piazzale Roma \u00fcber die bevorzugte Spur (Sie finden die Anzeige &#8222;Riservato Abbonati&#8220; Nur f\u00fcr Abonnenten reserviert auf der linken Seite).<\/p>\n<p style=\"text-align: center;\">Zeigen Sie dem Einlasspersonal Ihren ausgedruckten Gutschein mit dem <strong>pers\u00f6nlichen PNR-Code vor<\/strong>. \u00dcber eine Gegensprechanlage wird Ihnen der Mitarbeiter den Parkplatz zuweisen.<\/p>\n<\/div>\n<\/div>\n<\/div>\n[\/vc_column_text]<div class=\"vcex-module vcex-divider vcex-divider-solid vcex-divider-center wpex-mx-auto visible-phone wpex-block wpex-h-0 wpex-border-b wpex-border-solid wpex-border-main\" style=\"margin-top:20px;\"><\/div>[\/vc_column_inner][\/vc_row_inner][\/vc_column][vc_column width=&#8220;1\/2&#8243;][vc_row_inner][vc_column_inner][vc_single_image image=&#8220;4910&#8243; visibility=&#8220;hidden-phone&#8220;][vc_single_image image=&#8220;4910&#8243; visibility=&#8220;visible-phone&#8220; css=&#8220;.vc_custom_1692866824801{margin-bottom: -40px !important;padding-right: 60px !important;}&#8220;]\t<style>.vcex_69deb4c17579e{height:40px;}@media (max-width:1024px){.vcex_69deb4c17579e{height:20px;}}@media (max-width:959px){.vcex_69deb4c17579e{height:20px;}}@media (max-width:767px){.vcex_69deb4c17579e{height:20px;}}@media (max-width:479px){.vcex_69deb4c17579e{height:20px;}}<\/style>\n<div class=\"vcex-spacing wpex-w-100 wpex-clear vcex_69deb4c17579e\"><\/div>[vc_column_text font_size=&#8220;d:20|tl:16|tp:16&#8243; visibility=&#8220;hidden-phone&#8220; css=&#8220;.vc_custom_1693304428371{padding-left: 100px !important;}&#8220;]<span style=\"color: #ffc600;\"><strong>Check-out<\/strong><\/span><\/p>\n<div class=\"page\" title=\"Page 1\">\n<div class=\"layoutArea\">\n<div class=\"column\">\n<p style=\"text-align: justify;\">Bevor Sie Ihr Auto zur\u00fccknehmen, gehen Sie mit Ihrem Voucher (PNR-Code) und dem Ticket, das Sie an der Einfahrt erhalten haben, zur Garagenkasse.<\/p>\n<p><span style=\"color: #ffc600;\"><strong>Hinweis:<\/strong><\/span><\/p>\n<div class=\"page\" title=\"Page 1\">\n<div class=\"layoutArea\">\n<div class=\"column\">\n<p style=\"text-align: justify;\">Nach Ablauf des gebuchten Tages oder der gebuchten Tage werden die folgenden 24 Stunden Parkzeit in voller H\u00f6he berechnet.<\/p>\n<\/div>\n<\/div>\n<\/div>\n<\/div>\n<\/div>\n<\/div>\n[\/vc_column_text][vc_column_text font_size=&#8220;20&#8243; visibility=&#8220;visible-phone&#8220; css=&#8220;.vc_custom_1693304443940{margin-top: 40px !important;padding-right: 10px !important;padding-left: 10px !important;}&#8220;]\n<p style=\"text-align: center;\"><span style=\"color: #ffc600;\"><strong>Check-out<\/strong><\/span><\/p>\n<div class=\"page\" title=\"Page 1\">\n<div class=\"layoutArea\">\n<div class=\"column\">\n<p style=\"text-align: center;\">Bevor Sie das Auto wieder in Betrieb nehmen, gehen Sie zur Kasse der Tiefgarage mit Ihrem Gutschein (PNR-Code) und dem Ticket, das Sie an der Einfahrt erhalten haben, zur Garagenkasse.<\/p>\n<p style=\"text-align: center;\"><span style=\"color: #ffc600;\"><strong>Hinweis:<\/strong><\/span><\/p>\n<div class=\"page\" title=\"Page 1\">\n<div class=\"layoutArea\">\n<div class=\"column\">\n<p style=\"text-align: center;\">Nach Ablauf des gebuchten Tages oder der gebuchten Tage werden die folgenden 24 Stunden Parkzeit in voller H\u00f6he berechnet.<\/p>\n<\/div>\n<\/div>\n<\/div>\n<\/div>\n<\/div>\n<\/div>\n[\/vc_column_text]<div class=\"vcex-module vcex-divider vcex-divider-solid vcex-divider-center wpex-mx-auto visible-phone wpex-block wpex-h-0 wpex-border-b wpex-border-solid wpex-border-main\" style=\"margin-top:20px;\"><\/div>[\/vc_column_inner][\/vc_row_inner][\/vc_column][\/vc_row][vc_row][vc_column][vc_tta_accordion][vc_tta_section title=&#8220;Was ist der Unterschied zwischen dem Online-Ticket &#8222;Parken 24h&#8220; und dem erm\u00e4\u00dfigten Online-Ticket &#8222;Parken 24h&#8220;?&#8220; tab_id=&#8220;1692867441593-78e9a377-41d7&#8243;][vc_column_text]\nDas erste garantiert die \u00c4nderung des Eintrittsdatums bis zu drei Monate sp\u00e4ter. Das zweite hat einen reduzierten Tagespreis, kann jedoch nur f\u00fcr die n\u00e4chsten 24 Stunden ge\u00e4ndert werden.<br \/>\n[\/vc_column_text][\/vc_tta_section][vc_tta_section title=&#8220;Kann das Parkdatum ge\u00e4ndert werden?&#8220; tab_id=&#8220;1692867441609-60f7d3e6-928c&#8220;][vc_column_text]Indem Sie eine E-Mail an <a href=\"mailto:info@veneziaunica.it\" target=\"_new\" rel=\"noopener\">info@veneziaunica.it<\/a> senden und den PNR-Code der bereits gebuchten Parkzeit angeben, k\u00f6nnen Sie das Ankunftsdatum innerhalb von drei Monaten ab dem geplanten Datum verschieben, nur wenn Sie das Online-Ticket &#8222;Parken 24h&#8220; gekauft haben.[\/vc_column_text][\/vc_tta_section][vc_tta_section title=&#8220;Kann die Buchung storniert werden?&#8220; tab_id=&#8220;1692867677785-148be77d-4673&#8243;][vc_column_text]Die Parkgeb\u00fchr wird sofort bei der Buchung bezahlt und <strong>kann nicht storniert oder erstattet werden<\/strong>.[\/vc_column_text][\/vc_tta_section][vc_tta_section title=&#8220;Was passiert, wenn ich l\u00e4nger als den gebuchten Tag bleibe?&#8220; tab_id=&#8220;1692867708807-64009cf1-9a4c&#8220;][vc_column_text]Nach Ablauf des gebuchten Tages oder der gebuchten Tage (z. B. wenn ich um 17:00 Uhr am gebuchten Tag ankomme, werden nach Ablauf von 17:00 <strong>Uhr des n\u00e4chsten Tages die folgenden 24 Stunden Parkzeit<\/strong> in voller H\u00f6he berechnet und m\u00fcssen an der Kasse vor Ort bezahlt werden.[\/vc_column_text][\/vc_tta_section][\/vc_tta_accordion][\/vc_column][\/vc_row]\n<\/div>","protected":false},"excerpt":{"rendered":"<p>[vc_row el_id=&#8220;WEB &#8211; Come funziona&#8220;][vc_column][\/vc_column][vc_column width=&#8220;1\/2&#8243;][vc_row_inner][vc_column_inner width=&#8220;1\/2&#8243;][vc_single_image image=&#8220;4895&#8243; visibility=&#8220;hidden-phone&#8220;][vc_single_image image=&#8220;4895&#8243; visibility=&#8220;visible-phone&#8220; css=&#8220;.vc_custom_1692862978573{margin-bottom: -40px !important;padding-right: 60px !important;}&#8220;][\/vc_column_inner][vc_column_inner width=&#8220;1\/2&#8243;][vc_column_text font_size=&#8220;d:20|tl:16|tp:16|pl:16|pp:16&#8243; visibility=&#8220;hidden-phone&#8220;]Laden Sie die App MyPass Venezia herunter und gehen Sie zum Abschnitt &#8222;Parkpl\u00e4tze&#8222;.[\/vc_column_text][vc_column_text font_size=&#8220;20&#8243; visibility=&#8220;visible-phone&#8220; css=&#8220;.vc_custom_1692863710558{padding-right: 10px !important;padding-left: 10px !important;}&#8220;] Laden Sie die MyPass Venezia herunter und gehen Sie zum Abschnitt &#8222;Parkpl\u00e4tze&#8222;. [\/vc_column_text][\/vc_column_inner][\/vc_row_inner][\/vc_column][vc_column width=&#8220;1\/2&#8243;][vc_row_inner][vc_column_inner width=&#8220;1\/2&#8243;][vc_single_image image=&#8220;4900&#8243; visibility=&#8220;hidden-phone&#8220;][vc_single_image&hellip;<\/p>\n","protected":false},"author":9,"featured_media":3610,"parent":0,"menu_order":0,"comment_status":"closed","ping_status":"closed","template":"","meta":{"footnotes":""},"yst_prominent_words":[],"_links":{"self":[{"href":"https:\/\/www.mypassvenezia.it\/de\/wp-json\/wp\/v2\/pages\/4917"}],"collection":[{"href":"https:\/\/www.mypassvenezia.it\/de\/wp-json\/wp\/v2\/pages"}],"about":[{"href":"https:\/\/www.mypassvenezia.it\/de\/wp-json\/wp\/v2\/types\/page"}],"author":[{"embeddable":true,"href":"https:\/\/www.mypassvenezia.it\/de\/wp-json\/wp\/v2\/users\/9"}],"replies":[{"embeddable":true,"href":"https:\/\/www.mypassvenezia.it\/de\/wp-json\/wp\/v2\/comments?post=4917"}],"version-history":[{"count":0,"href":"https:\/\/www.mypassvenezia.it\/de\/wp-json\/wp\/v2\/pages\/4917\/revisions"}],"wp:featuredmedia":[{"embeddable":true,"href":"https:\/\/www.mypassvenezia.it\/de\/wp-json\/wp\/v2\/media\/3610"}],"wp:attachment":[{"href":"https:\/\/www.mypassvenezia.it\/de\/wp-json\/wp\/v2\/media?parent=4917"}],"wp:term":[{"taxonomy":"yst_prominent_words","embeddable":true,"href":"https:\/\/www.mypassvenezia.it\/de\/wp-json\/wp\/v2\/yst_prominent_words?post=4917"}],"curies":[{"name":"wp","href":"https:\/\/api.w.org\/{rel}","templated":true}]}}