{"id":3132,"date":"2020-09-14T10:51:30","date_gmt":"2020-09-14T08:51:30","guid":{"rendered":"https:\/\/www.mypassvenezia.it\/ils\/"},"modified":"2022-09-29T11:36:02","modified_gmt":"2022-09-29T09:36:02","slug":"ils","status":"publish","type":"page","link":"https:\/\/www.mypassvenezia.it\/de\/ils\/","title":{"rendered":"ils"},"content":{"rendered":"<div class=\"wpb-content-wrapper\">[vc_row][vc_column]<style> style=\"height:60px;\"<\/style><div class=\"vcex-spacing wpex-w-100 wpex-clear\" style=\"height:60px;\"><\/div><style>.vcex-heading.vcex_69f9f32f7f866{color:#000000;font-size:40px;font-weight:700;border-color:var(--wpex-accent);}@media (max-width:1024px){.vcex-heading.vcex_69f9f32f7f866{font-size:35px;}}@media (max-width:959px){.vcex-heading.vcex_69f9f32f7f866{font-size:30px;}}@media (max-width:767px){.vcex-heading.vcex_69f9f32f7f866{font-size:25px;}}@media (max-width:479px){.vcex-heading.vcex_69f9f32f7f866{font-size:25px;}}<\/style><h1 class=\"vcex-heading vcex-heading-bottom-border vcex-module wpex-heading wpex-text-2xl wpex-h1 wpex-mb-20 vc_custom_1628151602293 wpex-border-b-4 wpex-border-solid wpex-border-main vcex_69f9f32f7f866\"><span class=\"vcex-heading-inner wpex-inline-block\">Internationaler Limousinen-Service Venezia<\/span><\/h1>[\/vc_column][\/vc_row][vc_row columns_right=&#8220;yes&#8220;][vc_column width=&#8220;1\/2&#8243;]<style>.vcex-heading.vcex_69f9f32f7fe9c{color:#000000;font-size:21px;font-weight:800;}@media (max-width:1024px){.vcex-heading.vcex_69f9f32f7fe9c{font-size:21px;}}@media (max-width:959px){.vcex-heading.vcex_69f9f32f7fe9c{font-size:20px;}}@media (max-width:767px){.vcex-heading.vcex_69f9f32f7fe9c{font-size:18px;}}@media (max-width:479px){.vcex-heading.vcex_69f9f32f7fe9c{font-size:18px;}}<\/style><h2 class=\"vcex-heading vcex-heading-plain vcex-module wpex-heading wpex-text-2xl wpex-h2 vc_custom_1599122249554 vcex_69f9f32f7fe9c\"><span class=\"vcex-heading-inner wpex-inline-block\">Luxus-Transport in Venedig<\/span><\/h2><style>.vcex-heading.vcex_69f9f32f8012d{color:#000000;font-size:17px;font-weight:700;}@media (max-width:1024px){.vcex-heading.vcex_69f9f32f8012d{font-size:17px;}}@media (max-width:959px){.vcex-heading.vcex_69f9f32f8012d{font-size:17px;}}@media (max-width:767px){.vcex-heading.vcex_69f9f32f8012d{font-size:16px;}}@media (max-width:479px){.vcex-heading.vcex_69f9f32f8012d{font-size:16px;}}<\/style><h3 class=\"vcex-heading vcex-heading-plain vcex-module wpex-heading wpex-text-2xl wpex-h3 vc_custom_1599122374316 vcex_69f9f32f8012d\"><span class=\"vcex-heading-inner wpex-inline-block\">Seit 1976 in Venedig t\u00e4tig<\/span><\/h3>[vc_column_text css=&#8220;.vc_custom_1599122316131{padding-bottom: 20px !important;}&#8220; color=&#8220;#000000&#8243; font_size=&#8220;d:17px|tl:17px|tp:17px|pl:16px|pp:16px&#8220;]Erleben Sie die Magie Venedigs mit h\u00f6chstem Komfort bei der in Venedig gegr\u00fcndeten Luxury Transport Company, die den h\u00f6chsten Standards an Komfort und Professionalit\u00e4t in und um die Lagune gerecht wird.[\/vc_column_text]<style> style=\"height:20px;\"<\/style><div class=\"vcex-spacing wpex-w-100 wpex-clear\" style=\"height:20px;\"><\/div>[vc_column_text css=&#8220;.vc_custom_1628151821626{padding-bottom: 30px !important;}&#8220;]<a title=\"Apple Store MyPass Venezia\" href=\"https:\/\/itunes.apple.com\/it\/app\/mypass-venezia\/id1181879747?mt=8\"><img decoding=\"async\" class=\"alignnone size-thumbnail wp-image-44\" role=\"img\" src=\"https:\/\/www.mypassvenezia.it\/wp-content\/uploads\/\/2019\/07\/AppleStore.svg\" alt=\"Apple Store MyPass Venezia\" width=\"120\"><\/a>&nbsp;<a title=\"Google Play MyPass Venezia\" href=\"https:\/\/play.google.com\/store\/apps\/details?id=technology.mypass.mypassapp&amp;hl=it\"><img decoding=\"async\" class=\"alignnone size-thumbnail wp-image-46\" role=\"img\" src=\"https:\/\/www.mypassvenezia.it\/wp-content\/uploads\/\/2019\/07\/GooglePlay.svg\" alt=\"Google Play MyPass Venezia\" width=\"120\"><\/a>[\/vc_column_text]<style> style=\"height:20px;\"<\/style><div class=\"vcex-spacing wpex-w-100 wpex-clear\" style=\"height:20px;\"><\/div><style>.vcex-heading.vcex_69f9f32f804cd{color:var(--wpex-accent);font-size:25px;font-weight:800;text-transform:uppercase;}.vcex-heading.vcex_69f9f32f804cd .vcex-heading-side-border{border-color:var(--wpex-accent);}@media (max-width:1024px){.vcex-heading.vcex_69f9f32f804cd{font-size:25px;}}@media (max-width:959px){.vcex-heading.vcex_69f9f32f804cd{font-size:22px;}}@media (max-width:767px){.vcex-heading.vcex_69f9f32f804cd{font-size:18px;}}@media (max-width:479px){.vcex-heading.vcex_69f9f32f804cd{font-size:18px;}}<\/style><h4 class=\"vcex-heading vcex-heading-side-border vcex-module wpex-heading wpex-text-2xl wpex-h4 wpex-flex wpex-items-center vcex_69f9f32f804cd\"><span class=\"vcex-heading-inner wpex-inline-block vc_custom_1628152947249\">EXKLUSIV F\u00dcR MYPASS<\/span><span class=\"vcex-heading-side-border wpex-flex-grow wpex-h-0 wpex-border-solid wpex-ml-15 wpex-border-b-3\"><\/span><\/h4>[vc_column_text css=&#8220;.vc_custom_1599122412754{padding-bottom: 30px !important;}&#8220;]Nutzen Sie MyPass Venezia, um Ihre Luxus-Transportdienste zu und von den wichtigsten Zielen in und um Venedig zu reservieren, darunter der Flughafen Marco Polo, der Flughafen Treviso, der Bahnhof Santa Lucia Venedig, der Bahnhof Mestre, Dutzende von Hotels, die wichtigsten Sehensw\u00fcrdigkeiten und vieles mehr! [\/vc_column_text]<style>.vcex-list_item.vcex_69f9f32f8089e{font-size:16px;font-weight:700;color:#000000;}.vcex-list_item.vcex_69f9f32f8089e .vcex-list-item-icon-inner{color:#000000;}@media (max-width:1024px){.vcex-list_item.vcex_69f9f32f8089e{font-size:16px;}}@media (max-width:959px){.vcex-list_item.vcex_69f9f32f8089e{font-size:16px;}}@media (max-width:767px){.vcex-list_item.vcex_69f9f32f8089e{font-size:14px;}}@media (max-width:479px){.vcex-list_item.vcex_69f9f32f8089e{font-size:14px;}}<\/style><div class=\"vcex-list_item vcex-module wpex-m-0 wpex-max-w-100 wpex-mb-5 vcex_69f9f32f8089e\"><div class=\"vcex-list-item-inner wpex-inline-flex wpex-flex-no-wrap\"><div class=\"vcex-list-item-icon wpex-mr-10\"><div class=\"vcex-list-item-icon-inner vcex-icon-wrap wpex-inline-flex wpex-justify-center wpex-items-center wpex-leading-none wpex-child-inherit-color\"><span aria-hidden=\"true\" class=\"entypo-icon entypo-icon-calendar\"><\/span><\/div><\/div><div class=\"vcex-list-item-text vcex-content wpex-flex-grow\">Flexible Buchung: kostenlose \u00c4nderung oder Stornierung bis zu 2 Tage vor dem Buchungsdatum<\/div><\/div><\/div><style>.vcex-list_item.vcex_69f9f32f80ba2{font-size:16px;font-weight:700;color:#000000;}.vcex-list_item.vcex_69f9f32f80ba2 .vcex-list-item-icon-inner{color:#000000;}@media (max-width:1024px){.vcex-list_item.vcex_69f9f32f80ba2{font-size:16px;}}@media (max-width:959px){.vcex-list_item.vcex_69f9f32f80ba2{font-size:16px;}}@media (max-width:767px){.vcex-list_item.vcex_69f9f32f80ba2{font-size:14px;}}@media (max-width:479px){.vcex-list_item.vcex_69f9f32f80ba2{font-size:14px;}}<\/style><div class=\"vcex-list_item vcex-module wpex-m-0 wpex-max-w-100 wpex-mb-5 vcex_69f9f32f80ba2\"><div class=\"vcex-list-item-inner wpex-inline-flex wpex-flex-no-wrap\"><div class=\"vcex-list-item-icon wpex-mr-10\"><div class=\"vcex-list-item-icon-inner vcex-icon-wrap wpex-inline-flex wpex-justify-center wpex-items-center wpex-leading-none wpex-child-inherit-color\"><span aria-hidden=\"true\" class=\"entypo-icon entypo-icon-flash\"><\/span><\/div><\/div><div class=\"vcex-list-item-text vcex-content wpex-flex-grow\">Sofortige Buchungsbest\u00e4tigung<\/div><\/div><\/div><div class=\"vcex-spacing wpex-w-100 wpex-clear hidden-desktop\"><\/div>[\/vc_column][vc_column width=&#8220;1\/2&#8243;]<div class=\"wpex-slider-preloaderimg \"><img width=\"814\" height=\"572\" src=\"https:\/\/www.mypassvenezia.it\/wp-content\/uploads\/2020\/04\/Trasporti-NCC.jpg\" class=\"skip-lazy\" alt=\"\" data-no-lazy=\"1\" srcset=\"https:\/\/www.mypassvenezia.it\/wp-content\/uploads\/2020\/04\/Trasporti-NCC.jpg 814w, https:\/\/www.mypassvenezia.it\/wp-content\/uploads\/2020\/04\/Trasporti-NCC-300x211.jpg 300w, https:\/\/www.mypassvenezia.it\/wp-content\/uploads\/2020\/04\/Trasporti-NCC-768x540.jpg 768w\" sizes=\"(max-width: 814px) 100vw, 814px\" \/><\/div><div class=\"vcex-module wpex-slider slider-pro no-margin-thumbnails vcex-image-gallery-slider\" data-thumbnails=\"true\" data-thumbnail-height=\"auto\" data-auto-play-delay=\"5000\" data-animation-speed=\"600\" data-height-animation-duration=\"500\"><div class=\"wpex-slider-slides sp-slides\"><div class=\"wpex-slider-slide sp-slide\"><div class=\"wpex-slider-media\"><img width=\"814\" height=\"572\" src=\"https:\/\/www.mypassvenezia.it\/wp-content\/uploads\/2020\/04\/Trasporti-NCC.jpg\" class=\"skip-lazy\" alt=\"\" data-no-lazy=\"1\" srcset=\"https:\/\/www.mypassvenezia.it\/wp-content\/uploads\/2020\/04\/Trasporti-NCC.jpg 814w, https:\/\/www.mypassvenezia.it\/wp-content\/uploads\/2020\/04\/Trasporti-NCC-300x211.jpg 300w, https:\/\/www.mypassvenezia.it\/wp-content\/uploads\/2020\/04\/Trasporti-NCC-768x540.jpg 768w\" sizes=\"(max-width: 814px) 100vw, 814px\" \/><\/div><\/div><\/div><div class=\"wpex-slider-thumbnails sp-nc-thumbnails wpex-grid wpex-grid-cols-5\"><img width=\"814\" height=\"572\" src=\"https:\/\/www.mypassvenezia.it\/wp-content\/uploads\/2020\/04\/Trasporti-NCC.jpg\" class=\"wpex-slider-thumbnail wpex-block wpex-w-100 sp-nc-thumbnail skip-lazy\" alt=\"\" data-no-lazy=\"1\" srcset=\"https:\/\/www.mypassvenezia.it\/wp-content\/uploads\/2020\/04\/Trasporti-NCC.jpg 814w, https:\/\/www.mypassvenezia.it\/wp-content\/uploads\/2020\/04\/Trasporti-NCC-300x211.jpg 300w, https:\/\/www.mypassvenezia.it\/wp-content\/uploads\/2020\/04\/Trasporti-NCC-768x540.jpg 768w\" sizes=\"(max-width: 814px) 100vw, 814px\" \/><\/div><\/div>[\/vc_column][vc_column]<style> style=\"height:60px;\"<\/style><div class=\"vcex-spacing wpex-w-100 wpex-clear\" style=\"height:60px;\"><\/div>[\/vc_column][\/vc_row][vc_row full_width=&#8220;stretch_row&#8220; content_placement=&#8220;top&#8220; column_spacing=&#8220;0px&#8220; equal_height=&#8220;yes&#8220; css=&#8220;.vc_custom_1594300879568{background-color: #000000 !important;}&#8220;][vc_column]<style> style=\"height:100px;\"<\/style><div class=\"vcex-spacing wpex-w-100 wpex-clear\" style=\"height:100px;\"><\/div>[vc_column_text font_size=&#8220;d:25px|tl:25px|tp:22px|pl:18px|pp:18px&#8220; color=&#8220;#ffc900&#8243; font_weight=&#8220;bolder&#8220; text_align=&#8220;center&#8220;]<strong>Warum sollten Sie MyPass Venezia w\u00e4hlen?<\/strong>[\/vc_column_text][\/vc_column][vc_column width=&#8220;1\/3&#8243;]<style> style=\"height:50px;\"<\/style><div class=\"vcex-spacing wpex-w-100 wpex-clear\" style=\"height:50px;\"><\/div><div class=\"vcex-module vcex-icon-box vcex-icon-box-two wpex-block wpex-text-center\"><div class=\"vcex-icon-box-symbol wpex-mb-20\"><div class=\"vcex-icon-box-icon wpex-inline-flex wpex-items-center wpex-justify-center wpex-child-inherit-color wpex-text-center wpex-leading-none wpex-text-1\" style=\"color:#ffc900;font-size:40px;\"><span class=\"ticon ticon-smile-o\" aria-hidden=\"true\"><\/span><\/div><\/div><div class=\"vcex-icon-box-text\"><h3 class=\"vcex-icon-box-heading wpex-heading wpex-text-md wpex-mb-10\" style=\"color:#ffc900;--wpex-hover-heading-link-color:#ffc900;\">ALLES IN EINER APP<\/h3><div class=\"vcex-icon-box-content wpex-last-mb-0 wpex-clr\" style=\"color:#ffffff;\"><p>Museen, Parken, Konzerte und Transporte mit einer einzigen App.<\/p>\n<\/div><\/div><\/div>[\/vc_column][vc_column width=&#8220;1\/3&#8243;]<style> style=\"height:50px;\"<\/style><div class=\"vcex-spacing wpex-w-100 wpex-clear\" style=\"height:50px;\"><\/div><div class=\"vcex-module vcex-icon-box vcex-icon-box-two wpex-block wpex-text-center\"><div class=\"vcex-icon-box-symbol wpex-mb-20\"><div class=\"vcex-icon-box-icon wpex-inline-flex wpex-items-center wpex-justify-center wpex-child-inherit-color wpex-text-center wpex-leading-none wpex-text-1\" style=\"color:#ffc900;font-size:40px;\"><span class=\"ticon ticon-ticket\" aria-hidden=\"true\"><\/span><\/div><\/div><div class=\"vcex-icon-box-text\"><h3 class=\"vcex-icon-box-heading wpex-heading wpex-text-md wpex-mb-10\" style=\"color:#ffc900;--wpex-hover-heading-link-color:#ffc900;\">OFFIZIELLER PREIS<\/h3><div class=\"vcex-icon-box-content wpex-last-mb-0 wpex-clr\" style=\"color:#ffffff;\"><p>Buchen Sie mit Sicherheit \u2013 MyPass Venezia berechnet nur offizielle Preise!<\/p>\n<\/div><\/div><\/div>[\/vc_column][vc_column width=&#8220;1\/3&#8243;]<style> style=\"height:50px;\"<\/style><div class=\"vcex-spacing wpex-w-100 wpex-clear\" style=\"height:50px;\"><\/div><div class=\"vcex-module vcex-icon-box vcex-icon-box-two wpex-block wpex-text-center\"><div class=\"vcex-icon-box-symbol wpex-mb-20\"><div class=\"vcex-icon-box-icon wpex-inline-flex wpex-items-center wpex-justify-center wpex-child-inherit-color wpex-text-center wpex-leading-none wpex-text-1\" style=\"color:#ffc900;font-size:40px;\"><span class=\"ticon ticon-calendar\" aria-hidden=\"true\"><\/span><\/div><\/div><div class=\"vcex-icon-box-text\"><h3 class=\"vcex-icon-box-heading wpex-heading wpex-text-md wpex-mb-10\" style=\"color:#ffc900;--wpex-hover-heading-link-color:#ffc900;\">FLEXIBLE BUCHUNGEN<\/h3><div class=\"vcex-icon-box-content wpex-last-mb-0 wpex-clr\" style=\"color:#ffffff;\"><p>Sie k\u00f6nnen Ihre Reservierung bis zu 2 Tage im Voraus \u00e4ndern oder stornieren.<\/p>\n<\/div><\/div><\/div>[\/vc_column][vc_column]<style> style=\"height:100px;\"<\/style><div class=\"vcex-spacing wpex-w-100 wpex-clear\" style=\"height:100px;\"><\/div>[\/vc_column][\/vc_row][vc_row][vc_column]<style> style=\"height:100px;\"<\/style><div class=\"vcex-spacing wpex-w-100 wpex-clear\" style=\"height:100px;\"><\/div><style>.vcex-heading.vcex_69f9f32f82c0f{color:#000000;}<\/style><h2 class=\"vcex-heading vcex-heading-plain vcex-module wpex-heading wpex-text-2xl wpex-h2 vcex_69f9f32f82c0f\"><span class=\"vcex-heading-inner wpex-inline-block\">Wie funktioniert es?<\/span><\/h2><div class=\"vcex-spacing wpex-w-100 wpex-clear\"><\/div><div class=\"vcex-module vcex-icon-box vcex-icon-box-one wpex-flex wpex-text-left\"><div class=\"vcex-icon-box-symbol wpex-flex-shrink-0 wpex-mr-20\"><div class=\"vcex-icon-box-icon wpex-inline-flex wpex-items-center wpex-justify-center wpex-child-inherit-color wpex-text-center wpex-leading-none wpex-text-1\" style=\"font-size:20px;\"><span aria-hidden=\"true\" class=\"entypo-icon entypo-icon-mobile\"><\/span><\/div><\/div><div class=\"vcex-icon-box-text wpex-flex-grow\"><div class=\"vcex-icon-box-content wpex-last-mb-0 wpex-clr\"><p>Laden Sie die MyPass Venice APP herunter, gehen Sie zur Rubrik Transport und w\u00e4hlen Sie &#8222;International Limousine Service&#8220;<\/p>\n<\/div><\/div><\/div><style> style=\"height:15px;\"<\/style><div class=\"vcex-spacing wpex-w-100 wpex-clear\" style=\"height:15px;\"><\/div><div class=\"vcex-module vcex-icon-box vcex-icon-box-one wpex-flex wpex-text-left\"><div class=\"vcex-icon-box-symbol wpex-flex-shrink-0 wpex-mr-20\"><div class=\"vcex-icon-box-icon wpex-inline-flex wpex-items-center wpex-justify-center wpex-child-inherit-color wpex-text-center wpex-leading-none wpex-text-1\" style=\"font-size:20px;\"><span aria-hidden=\"true\" class=\"entypo-icon entypo-icon-suitcase\"><\/span><\/div><\/div><div class=\"vcex-icon-box-text wpex-flex-grow\"><div class=\"vcex-icon-box-content wpex-last-mb-0 wpex-clr\"><p>W\u00e4hlen Sie Ihren Abfahrts- und Ankunftsort, die Zeiten und Daten, die Anzahl der Passagiere und die Gep\u00e4ckanforderungen<\/p>\n<\/div><\/div><\/div><style> style=\"height:15px;\"<\/style><div class=\"vcex-spacing wpex-w-100 wpex-clear\" style=\"height:15px;\"><\/div><div class=\"vcex-module vcex-icon-box vcex-icon-box-one wpex-flex wpex-text-left\"><div class=\"vcex-icon-box-symbol wpex-flex-shrink-0 wpex-mr-20\"><div class=\"vcex-icon-box-icon wpex-inline-flex wpex-items-center wpex-justify-center wpex-child-inherit-color wpex-text-center wpex-leading-none wpex-text-1\" style=\"font-size:20px;\"><span aria-hidden=\"true\" class=\"entypo-icon entypo-icon-info-circled\"><\/span><\/div><\/div><div class=\"vcex-icon-box-text wpex-flex-grow\"><div class=\"vcex-icon-box-content wpex-last-mb-0 wpex-clr\"><p>Geben Sie gegebenenfalls zus\u00e4tzliche Informationen ein, einschlie\u00dflich der Ankunfts- und Abflugzeiten Ihres Fluges, um sicherzustellen, dass Ihr Fahrer bereit ist, Sie abzuholen<\/p>\n<\/div><\/div><\/div><style> style=\"height:15px;\"<\/style><div class=\"vcex-spacing wpex-w-100 wpex-clear\" style=\"height:15px;\"><\/div><div class=\"vcex-module vcex-icon-box vcex-icon-box-one wpex-flex wpex-text-left\"><div class=\"vcex-icon-box-symbol wpex-flex-shrink-0 wpex-mr-20\"><div class=\"vcex-icon-box-icon wpex-inline-flex wpex-items-center wpex-justify-center wpex-child-inherit-color wpex-text-center wpex-leading-none wpex-text-1\" style=\"font-size:20px;\"><span aria-hidden=\"true\" class=\"entypo-icon entypo-icon-ticket\"><\/span><\/div><\/div><div class=\"vcex-icon-box-text wpex-flex-grow\"><div class=\"vcex-icon-box-content wpex-last-mb-0 wpex-clr\"><p>Sobald der Zahlungsvorgang abgeschlossen ist, erhalten Sie in der App eine PNR-Nummer, die Sie Ihrem Fahrer bei der Abholung zeigen m\u00fcssen<\/p>\n<\/div><\/div><\/div><style> style=\"height:100px;\"<\/style><div class=\"vcex-spacing wpex-w-100 wpex-clear\" style=\"height:100px;\"><\/div>[\/vc_column][\/vc_row][vc_row column_spacing=&#8220;0px&#8220;][vc_column]<div class=\"templatera_shortcode\"><style type=\"text\/css\" data-type=\"vc_shortcodes-custom-css\">.vc_custom_1716451865509{padding-right: 1em !important;padding-left: 1em !important;background-color: #ffc600 !important;border-radius: 20px !important;}<\/style>[vc_row content_placement=\"middle\" column_spacing=\"20\" css=\".vc_custom_1716451865509{padding-right: 1em !important;padding-left: 1em !important;background-color: #ffc600 !important;border-radius: 20px !important;}\"][vc_column width=\"1\/6\"][vc_single_image image=\"1947\" img_size=\"100px\" alignment=\"center\" visibility=\"hidden-phone\"][\/vc_column][vc_column width=\"3\/6\"]\t<style>.vcex_69f9f32f83fa1{height:50px;}@media (max-width:1024px){.vcex_69f9f32f83fa1{height:20px;}}@media (max-width:959px){.vcex_69f9f32f83fa1{height:20px;}}@media (max-width:767px){.vcex_69f9f32f83fa1{height:20px;}}@media (max-width:479px){.vcex_69f9f32f83fa1{height:20px;}}<\/style>\n<div class=\"vcex-spacing wpex-w-100 wpex-clear vcex_69f9f32f83fa1\"><\/div><style>.vcex-heading.vcex_69f9f32f8413d{color:#000000;font-weight:700;}<\/style><h2 class=\"vcex-heading vcex-heading-plain vcex-module wpex-heading wpex-text-2xl wpex-h2 vcex_69f9f32f8413d\"><span class=\"vcex-heading-inner wpex-inline-block\">Laden Sie die MyPass Venezia-App herunter!<\/span><\/h2><style> style=\"height:10px;\"<\/style><div class=\"vcex-spacing wpex-w-100 wpex-clear\" style=\"height:10px;\"><\/div>[vc_column_text]Vermeiden Sie die Warteschlange am Fahrkartenschalter!\r\nEntdecken Sie die Haltestellen und Fahrpl\u00e4ne der Vaporetti in Echtzeit\r\n<strong>Verkehrsmittel, Gondeln, Museen und viele andere Dienstleistungen immer nur einen Klick entfernt.<\/strong>[\/vc_column_text]<style> style=\"height:50px;\"<\/style><div class=\"vcex-spacing wpex-w-100 wpex-clear hidden-phone\" style=\"height:50px;\"><\/div>[\/vc_column][vc_column width=\"2\/6\"]<div class=\"vcex-module vcex-icon-box vcex-icon-box-one wpex-flex wpex-text-left hidden-phone\"><div class=\"vcex-icon-box-symbol wpex-flex-shrink-0 wpex-mr-20\"><img loading=\"lazy\" class=\"vcex-icon-box-image wpex-align-middle\" style=\"width:120px;\" decoding=\"async\" src=\"https:\/\/www.mypassvenezia.it\/wp-content\/uploads\/2022\/07\/QR-Venezia-it.svg\" alt=\"\" width=\"90\" height=\"90\"><\/div><div class=\"vcex-icon-box-text wpex-flex-grow\"><div class=\"vcex-icon-box-content wpex-last-mb-0 wpex-clr\"><p><a title=\"Apple Store MyPass Venezia\" href=\"https:\/\/itunes.apple.com\/it\/app\/mypass-venezia\/id1181879747?mt=8\"><img class=\"alignnone size-thumbnail wp-image-44\" role=\"img\" src=\"https:\/\/www.mypassvenezia.it\/wp-content\/uploads\/\/2019\/07\/AppleStore.svg\" alt=\"Apple Store MyPass Venezia\" width=\"150\" \/><\/a><\/p>\n<p><a title=\"Google Play MyPass Venezia\" href=\"https:\/\/play.google.com\/store\/apps\/details?id=technology.mypass.mypassapp&amp;hl=it\"><img class=\"alignnone size-thumbnail wp-image-46\" role=\"img\" src=\"https:\/\/www.mypassvenezia.it\/wp-content\/uploads\/\/2019\/07\/GooglePlay.svg\" alt=\"Google Play MyPass Venezia\" width=\"150\" \/><\/a><\/p>\n<\/div><\/div><\/div>[vc_column_text visibility=\"visible-phone\"]<a href=\"https:\/\/apps.apple.com\/it\/app\/mypass-venezia\/id1181879747\"><img class=\"alignnone size-thumbnail wp-image-44 alignleft\" role=\"img\" src=\"https:\/\/www.mypassvenezia.it\/wp-content\/uploads\/\/2019\/07\/AppleStore.svg\" alt=\"Apple Store MyPass Venezia\" width=\"150\" \/><\/a>\r\n<p style=\"text-align: left;\"><a title=\"Google Play MyPass Venezia\" href=\"https:\/\/play.google.com\/store\/apps\/details?id=technology.mypass.mypassapp&amp;hl=it\"><img class=\"size-thumbnail wp-image-46 alignleft\" role=\"img\" src=\"https:\/\/www.mypassvenezia.it\/wp-content\/uploads\/\/2019\/07\/GooglePlay.svg\" alt=\"Google Play MyPass Venezia\" width=\"150\" \/><\/a><\/p>\r\n[\/vc_column_text][\/vc_column][\/vc_row]<\/div>[\/vc_column][\/vc_row]\n<\/div>","protected":false},"excerpt":{"rendered":"<p>[vc_row][vc_column][\/vc_column][\/vc_row][vc_row columns_right=&#8220;yes&#8220;][vc_column width=&#8220;1\/2&#8243;][vc_column_text css=&#8220;.vc_custom_1599122316131{padding-bottom: 20px !important;}&#8220; color=&#8220;#000000&#8243; font_size=&#8220;d:17px|tl:17px|tp:17px|pl:16px|pp:16px&#8220;]Erleben Sie die Magie Venedigs mit h\u00f6chstem Komfort bei der in Venedig gegr\u00fcndeten Luxury Transport Company, die den h\u00f6chsten Standards an Komfort und Professionalit\u00e4t in und um die Lagune gerecht wird.[\/vc_column_text][vc_column_text css=&#8220;.vc_custom_1628151821626{padding-bottom: 30px !important;}&#8220;]&nbsp;[\/vc_column_text][vc_column_text css=&#8220;.vc_custom_1599122412754{padding-bottom: 30px !important;}&#8220;]Nutzen Sie MyPass Venezia, um Ihre Luxus-Transportdienste zu und von den wichtigsten&hellip;<\/p>\n","protected":false},"author":1,"featured_media":0,"parent":0,"menu_order":0,"comment_status":"closed","ping_status":"closed","template":"","meta":{"footnotes":""},"yst_prominent_words":[],"_links":{"self":[{"href":"https:\/\/www.mypassvenezia.it\/de\/wp-json\/wp\/v2\/pages\/3132"}],"collection":[{"href":"https:\/\/www.mypassvenezia.it\/de\/wp-json\/wp\/v2\/pages"}],"about":[{"href":"https:\/\/www.mypassvenezia.it\/de\/wp-json\/wp\/v2\/types\/page"}],"author":[{"embeddable":true,"href":"https:\/\/www.mypassvenezia.it\/de\/wp-json\/wp\/v2\/users\/1"}],"replies":[{"embeddable":true,"href":"https:\/\/www.mypassvenezia.it\/de\/wp-json\/wp\/v2\/comments?post=3132"}],"version-history":[{"count":0,"href":"https:\/\/www.mypassvenezia.it\/de\/wp-json\/wp\/v2\/pages\/3132\/revisions"}],"wp:attachment":[{"href":"https:\/\/www.mypassvenezia.it\/de\/wp-json\/wp\/v2\/media?parent=3132"}],"wp:term":[{"taxonomy":"yst_prominent_words","embeddable":true,"href":"https:\/\/www.mypassvenezia.it\/de\/wp-json\/wp\/v2\/yst_prominent_words?post=3132"}],"curies":[{"name":"wp","href":"https:\/\/api.w.org\/{rel}","templated":true}]}}