{"id":2507,"date":"2020-04-01T14:59:31","date_gmt":"2020-04-01T12:59:31","guid":{"rendered":"https:\/\/www.mypassvenezia.it\/transport\/"},"modified":"2024-05-23T12:00:24","modified_gmt":"2024-05-23T10:00:24","slug":"transport","status":"publish","type":"page","link":"https:\/\/www.mypassvenezia.it\/de\/transport\/","title":{"rendered":"Transport"},"content":{"rendered":"<div class=\"wpb-content-wrapper\">[vc_row full_width=&#8220;stretch_row&#8220; content_placement=&#8220;middle&#8220; column_spacing=&#8220;0px&#8220;][vc_column]<style> style=\"height:80px;\"<\/style><div class=\"vcex-spacing wpex-w-100 wpex-clear\" style=\"height:80px;\"><\/div><style>.vcex-heading.vcex_69e3515a70f92 .vcex-heading-inner{border-color:var(--wpex-accent);}<\/style><h1 class=\"vcex-heading vcex-heading-bottom-border-w-color vcex-module wpex-heading wpex-text-2xl wpex-h1 wpex-mb-50 wpex-text-left wpex-border-b-2 wpex-border-solid wpex-border-main vcex_69e3515a70f92\"><span class=\"vcex-heading-inner wpex-inline-block wpex-relative wpex-pb-5 wpex-border-b-2 wpex-border-solid wpex-border-accent\">Buchen und kaufen Sie Ihre Tickets, um sich in ganz Venedig und den Inseln zu bewegen<\/span><\/h1><div class=\"vcex-grid-container vcex-module wpex-grid wpex-gap-20 wpex-grid-cols-1 wpex-lg-grid-cols-2\" style=\"gap:30px;\"><div class=\"vcex-module vcex-icon-box vcex-icon-box-two wpex-block wpex-text-left vc_custom_1688648658693\"><div class=\"vcex-icon-box-symbol wpex-mb-20\"><img src=\"https:\/\/www.mypassvenezia.it\/wp-content\/uploads\/2019\/02\/Trasporti-ACTV-venezia.jpg\" alt=\"\" class=\"vcex-icon-box-image wpex-align-middle\" loading=\"lazy\" decoding=\"async\" style=\"width:100%;height:300px;border-radius:var(--wpex-rounded-md);\" width=\"814\" height=\"572\"><\/div><div class=\"vcex-icon-box-text\"><style>.vcex_69e3515a71cfb{font-size:26px!important;}@media (max-width:1024px){.vcex_69e3515a71cfb{font-size:26px!important;}}@media (max-width:959px){.vcex_69e3515a71cfb{font-size:24px!important;}}@media (max-width:767px){.vcex_69e3515a71cfb{font-size:21px!important;}}@media (max-width:479px){.vcex_69e3515a71cfb{font-size:21px!important;}}<\/style><h2 class=\"vcex-icon-box-heading wpex-heading vcex_69e3515a71cfb\" style=\"font-weight:700;margin-bottom:10px;line-height:1.2em;\">Vaporetto \/ Water Bus, People Mover &amp; Bus Transfer to the Airport<\/h2><div class=\"vcex-icon-box-content wpex-last-mb-0 wpex-clr\"><ul>\n<li><strong><span style=\"color: #ffc600\">Vaporetto \/ Wasserbus<\/span><\/strong> &#8211; Die beste Wahl, um sich nach Ihrer Ankunft in Venedig und auf den Inseln der Lagune von Venedig bequem fortzubewegen People Mover<\/li>\n<li><strong><span style=\"color: #ffc600\">People Mover<\/span><\/strong> \u00a0&#8211; Einschienenbahn f\u00fcr den Transport von Passagieren zur und von der Parkinsel Tronchetto, dem Passagierterminal von Venedig und der Piazzale Roma Flughafenbus<\/li>\n<li><strong><span style=\"color: #ffc600\">Aerobus<\/span><\/strong> &#8211; Bus Nr. 5 zum und vom Flughafen Marco Polo und Piazzale Roma ACTV Autobus<\/li>\n<li><strong><span style=\"color: #ffc600\">Bus ACTV<\/span><\/strong> &#8211; Um bequem von und nach Mestre zur Insel Venedig zu gelangen<\/li>\n<\/ul>\n<a href=\"https:\/\/www.mypassvenezia.it\/en\/actv-tickets\/\" class=\"vcex-button theme-button flat black small align-left inline\" title=\"Visit Site\" rel=\"none\"><span class=\"vcex-button-inner theme-button-inner\">Mehr erfahren<\/span><\/a> \n<\/div><\/div><\/div><div class=\"vcex-module vcex-icon-box vcex-icon-box-two wpex-block wpex-text-left equal-height-column\"><div class=\"vcex-icon-box-symbol wpex-mb-20\"><img src=\"https:\/\/www.mypassvenezia.it\/wp-content\/uploads\/2019\/02\/Trasporti-Alilaguna-venezia.jpg\" alt=\"\" class=\"vcex-icon-box-image wpex-align-middle\" loading=\"lazy\" decoding=\"async\" style=\"width:100%;height:300px;border-radius:var(--wpex-rounded-md);\" width=\"814\" height=\"572\"><\/div><div class=\"vcex-icon-box-text\"><style>.vcex_69e3515a72765{font-size:26px!important;}@media (max-width:1024px){.vcex_69e3515a72765{font-size:26px!important;}}@media (max-width:959px){.vcex_69e3515a72765{font-size:24px!important;}}@media (max-width:767px){.vcex_69e3515a72765{font-size:21px!important;}}@media (max-width:479px){.vcex_69e3515a72765{font-size:21px!important;}}<\/style><h2 class=\"vcex-icon-box-heading wpex-heading vcex_69e3515a72765\" style=\"font-weight:700;margin-bottom:10px;line-height:1.2em;\">Alilaguna Wasserbus zum und vom Flughafen Marco Polo<\/h2><div class=\"vcex-icon-box-content wpex-last-mb-0 wpex-clr\"><ul>\n<li><strong><span style=\"color: #ffc600\">Alilaguna<\/span><\/strong> &#8211; mit einem Netz von f\u00fcnf Linien, die das Marco Polo Airport Terminal und das Kreuzfahrtterminal mit dem Zentrum von Venedig, Lido, Murano und Punta Sabbioni verbinden.<\/li>\n<\/ul>\n<a href=\"https:\/\/www.mypassvenezia.it\/de\/alilaguna-fahrkarten\/\" class=\"vcex-button theme-button flat black small align-left inline\" title=\"Visit Site\" rel=\"none\"><span class=\"vcex-button-inner theme-button-inner\">Mehr erfahren<\/span><\/a> \n<\/div><\/div><\/div><div class=\"vcex-module vcex-icon-box vcex-icon-box-two wpex-block wpex-text-left hidden equal-height-column\"><div class=\"vcex-icon-box-symbol wpex-mb-20\"><img src=\"https:\/\/www.mypassvenezia.it\/wp-content\/uploads\/2020\/04\/Trasporti-NCC.jpg\" alt=\"\" class=\"vcex-icon-box-image wpex-align-middle\" loading=\"lazy\" decoding=\"async\" style=\"width:100%;height:300px;border-radius:var(--wpex-rounded-md);\" width=\"814\" height=\"572\"><\/div><div class=\"vcex-icon-box-text\"><style>.vcex_69e3515a72f0c{font-size:26px!important;}@media (max-width:1024px){.vcex_69e3515a72f0c{font-size:26px!important;}}@media (max-width:959px){.vcex_69e3515a72f0c{font-size:24px!important;}}@media (max-width:767px){.vcex_69e3515a72f0c{font-size:21px!important;}}@media (max-width:479px){.vcex_69e3515a72f0c{font-size:21px!important;}}<\/style><h2 class=\"vcex-icon-box-heading wpex-heading vcex_69e3515a72f0c\" style=\"font-weight:700;margin-bottom:10px;line-height:1.2em;\">G\u00f6nnen Sie sich Luxus und erreichen Sie Venedig mit einem privaten Transfer<\/h2><div class=\"vcex-icon-box-content wpex-last-mb-0 wpex-clr\"><ul>\n<li><strong><span style=\"color: #ffc600\">Internationaler Limousinenservice Venedig<\/span><\/strong> &#8211; Bietet seit 1976 luxuri\u00f6se Transportl\u00f6sungen mit Chauffeur f\u00fcr internationale Kunden. Komfortabler und eleganter Transfer von und nach Venedig, Flughafen Treviso, Bahnhof Santa Lucia oder Bahnhof Mestre und Hafen von Venedig (VTP) zu den wichtigsten Hotels der Stadt.<\/li>\n<\/ul>\n<a href=\"https:\/\/www.mypassvenezia.it\/de\/ils\/\" class=\"vcex-button theme-button flat black small align-left inline\" title=\"Visit Site\" rel=\"none\"><span class=\"vcex-button-inner theme-button-inner\">Mehr erfahren<\/span><\/a> \n<\/div><\/div><\/div><\/div><style> style=\"height:80px;\"<\/style><div class=\"vcex-spacing wpex-w-100 wpex-clear\" style=\"height:80px;\"><\/div>[\/vc_column][\/vc_row][vc_row column_spacing=&#8220;0px&#8220;][vc_column]<div class=\"templatera_shortcode\"><style type=\"text\/css\" data-type=\"vc_shortcodes-custom-css\">.vc_custom_1716451865509{padding-right: 1em !important;padding-left: 1em !important;background-color: #ffc600 !important;border-radius: 20px !important;}<\/style>[vc_row content_placement=\"middle\" column_spacing=\"20\" css=\".vc_custom_1716451865509{padding-right: 1em !important;padding-left: 1em !important;background-color: #ffc600 !important;border-radius: 20px !important;}\"][vc_column width=\"1\/6\"][vc_single_image image=\"1947\" img_size=\"100px\" alignment=\"center\" visibility=\"hidden-phone\"][\/vc_column][vc_column width=\"3\/6\"]\t<style>.vcex_69e3515a73599{height:50px;}@media (max-width:1024px){.vcex_69e3515a73599{height:20px;}}@media (max-width:959px){.vcex_69e3515a73599{height:20px;}}@media (max-width:767px){.vcex_69e3515a73599{height:20px;}}@media (max-width:479px){.vcex_69e3515a73599{height:20px;}}<\/style>\n<div class=\"vcex-spacing wpex-w-100 wpex-clear vcex_69e3515a73599\"><\/div><style>.vcex-heading.vcex_69e3515a73730{color:#000000;font-weight:700;}<\/style><h2 class=\"vcex-heading vcex-heading-plain vcex-module wpex-heading wpex-text-2xl wpex-h2 vcex_69e3515a73730\"><span class=\"vcex-heading-inner wpex-inline-block\">Laden Sie die MyPass Venezia-App herunter!<\/span><\/h2><style> style=\"height:10px;\"<\/style><div class=\"vcex-spacing wpex-w-100 wpex-clear\" style=\"height:10px;\"><\/div>[vc_column_text]Vermeiden Sie die Warteschlange am Fahrkartenschalter!\r\nEntdecken Sie die Haltestellen und Fahrpl\u00e4ne der Vaporetti in Echtzeit\r\n<strong>Verkehrsmittel, Gondeln, Museen und viele andere Dienstleistungen immer nur einen Klick entfernt.<\/strong>[\/vc_column_text]<style> style=\"height:50px;\"<\/style><div class=\"vcex-spacing wpex-w-100 wpex-clear hidden-phone\" style=\"height:50px;\"><\/div>[\/vc_column][vc_column width=\"2\/6\"]<div class=\"vcex-module vcex-icon-box vcex-icon-box-one wpex-flex wpex-text-left hidden-phone\"><div class=\"vcex-icon-box-symbol wpex-flex-shrink-0 wpex-mr-20\"><img loading=\"lazy\" class=\"vcex-icon-box-image wpex-align-middle\" style=\"width:120px;\" decoding=\"async\" src=\"https:\/\/www.mypassvenezia.it\/wp-content\/uploads\/2022\/07\/QR-Venezia-it.svg\" alt=\"\" width=\"90\" height=\"90\"><\/div><div class=\"vcex-icon-box-text wpex-flex-grow\"><div class=\"vcex-icon-box-content wpex-last-mb-0 wpex-clr\"><p><a title=\"Apple Store MyPass Venezia\" href=\"https:\/\/itunes.apple.com\/it\/app\/mypass-venezia\/id1181879747?mt=8\"><img class=\"alignnone size-thumbnail wp-image-44\" role=\"img\" src=\"https:\/\/www.mypassvenezia.it\/wp-content\/uploads\/\/2019\/07\/AppleStore.svg\" alt=\"Apple Store MyPass Venezia\" width=\"150\" \/><\/a><\/p>\n<p><a title=\"Google Play MyPass Venezia\" href=\"https:\/\/play.google.com\/store\/apps\/details?id=technology.mypass.mypassapp&amp;hl=it\"><img class=\"alignnone size-thumbnail wp-image-46\" role=\"img\" src=\"https:\/\/www.mypassvenezia.it\/wp-content\/uploads\/\/2019\/07\/GooglePlay.svg\" alt=\"Google Play MyPass Venezia\" width=\"150\" \/><\/a><\/p>\n<\/div><\/div><\/div>[vc_column_text visibility=\"visible-phone\"]<a href=\"https:\/\/apps.apple.com\/it\/app\/mypass-venezia\/id1181879747\"><img class=\"alignnone size-thumbnail wp-image-44 alignleft\" role=\"img\" src=\"https:\/\/www.mypassvenezia.it\/wp-content\/uploads\/\/2019\/07\/AppleStore.svg\" alt=\"Apple Store MyPass Venezia\" width=\"150\" \/><\/a>\r\n<p style=\"text-align: left;\"><a title=\"Google Play MyPass Venezia\" href=\"https:\/\/play.google.com\/store\/apps\/details?id=technology.mypass.mypassapp&amp;hl=it\"><img class=\"size-thumbnail wp-image-46 alignleft\" role=\"img\" src=\"https:\/\/www.mypassvenezia.it\/wp-content\/uploads\/\/2019\/07\/GooglePlay.svg\" alt=\"Google Play MyPass Venezia\" width=\"150\" \/><\/a><\/p>\r\n[\/vc_column_text][\/vc_column][\/vc_row]<\/div>[\/vc_column][\/vc_row]\n<\/div>","protected":false},"excerpt":{"rendered":"<p>[vc_row full_width=&#8220;stretch_row&#8220; content_placement=&#8220;middle&#8220; column_spacing=&#8220;0px&#8220;][vc_column][\/vc_column][\/vc_row][vc_row column_spacing=&#8220;0px&#8220;][vc_column][\/vc_column][\/vc_row]<\/p>\n","protected":false},"author":1,"featured_media":0,"parent":0,"menu_order":0,"comment_status":"closed","ping_status":"closed","template":"","meta":{"footnotes":""},"yst_prominent_words":[431,579,581],"_links":{"self":[{"href":"https:\/\/www.mypassvenezia.it\/de\/wp-json\/wp\/v2\/pages\/2507"}],"collection":[{"href":"https:\/\/www.mypassvenezia.it\/de\/wp-json\/wp\/v2\/pages"}],"about":[{"href":"https:\/\/www.mypassvenezia.it\/de\/wp-json\/wp\/v2\/types\/page"}],"author":[{"embeddable":true,"href":"https:\/\/www.mypassvenezia.it\/de\/wp-json\/wp\/v2\/users\/1"}],"replies":[{"embeddable":true,"href":"https:\/\/www.mypassvenezia.it\/de\/wp-json\/wp\/v2\/comments?post=2507"}],"version-history":[{"count":0,"href":"https:\/\/www.mypassvenezia.it\/de\/wp-json\/wp\/v2\/pages\/2507\/revisions"}],"wp:attachment":[{"href":"https:\/\/www.mypassvenezia.it\/de\/wp-json\/wp\/v2\/media?parent=2507"}],"wp:term":[{"taxonomy":"yst_prominent_words","embeddable":true,"href":"https:\/\/www.mypassvenezia.it\/de\/wp-json\/wp\/v2\/yst_prominent_words?post=2507"}],"curies":[{"name":"wp","href":"https:\/\/api.w.org\/{rel}","templated":true}]}}